{"id":843,"date":"2025-08-20T12:34:16","date_gmt":"2025-08-20T12:34:16","guid":{"rendered":"https:\/\/punaimepare.com\/?page_id=843"},"modified":"2025-08-22T07:43:50","modified_gmt":"2025-08-22T07:43:50","slug":"shpallje","status":"publish","type":"page","link":"https:\/\/punaimepare.com\/sr\/shpallje\/","title":{"rendered":"Shpallje"},"content":{"rendered":"<div class=\"row row-small pk-grid-with-filter\"><div class=\"\"><div class=\"row row-small pk-grid\"><div class=\"col large-4 medium-6 small-12 pk-card-col\"><div class=\"pk-card panel panel-default\"><div class=\"panel-heading\"><h5 class=\"panel-title\">Sektorist\/e<\/h5><\/div><div class=\"panel-body\"><div class=\"pk-preview-content\">\ud83d\uded2Viva Fresh Store n\u00eb Podujev\u00eb ofron praktik\u00eb 6-mujore p\u00ebr 1 praktikant\/e n\u00eb pozitat Sektorist\/e n\u00eb kuad\u00ebr t\u00eb programit Puna Ime e Par\u00eb.\r\n\u00a0\r\nDetyrat dhe p\u00ebrgjegj\u00ebsit\u00eb:\r\n\r\n\r\nKujdesi p\u00ebr sektorin e caktuar dhe renditja e produkteve n\u00eb rafte;\r\n\r\n\r\nKontrollimi i afatit t\u00eb produkteve d\u2026<\/div><p><strong>Afati i fundit:<\/strong> 20\/05\/2026<\/p><div class=\"pk-actions\"><a class=\"button primary\" href=\"https:\/\/sys.punaimepare.com\/si_client_register\/client\/wtc\/561bc445937dc58f2c8020d078d6f262\">Apliko Tani<\/a><a class=\"button outline pull-right\" href=\"https:\/\/punaimepare.com\/sr\/konkurset\/sektorist-e-7\/\" aria-label=\"Shiko pozit\u00ebn n\u00eb detaje\"><span class=\"fa-solid fa-eye\"><\/span><\/a><\/div><\/div><div class=\"pk-wrap\"><span class=\"pk-ribbon pk-ribbon--punaimepare\">Programi \u201cPuna ime e par\u00eb\u201d<\/span><\/div><\/div><\/div><div class=\"col large-4 medium-6 small-12 pk-card-col\"><div class=\"pk-card panel panel-default\"><div class=\"panel-heading\"><h5 class=\"panel-title\">1 pozit\/ Kuzhiniere Restoran Caffe Ba<\/h5><\/div><div class=\"panel-body\"><div class=\"pk-preview-content\">\ud83d\udce2 Thirrje p\u00ebr Praktik\u00eb \u2013 Pozita: Kuzhiniere\r\nRestoran Caffe Bar Casper hap thirrjen p\u00ebr praktik\u00eb p\u00ebr pozit\u00ebn Kuzhiniere, p\u00ebr t\u00eb rinjt\u00eb e apasionuar pas gatimit dhe artit kulinar.\r\nDetyrat kryesore:\r\n\r\n\r\nAsistim n\u00eb p\u00ebrgatitjen e ushqimeve sipas menus\u00eb.\r\n\r\n\r\nM\u00ebsimi i teknikave bazi\u2026<\/div><p><strong>Afati i fundit:<\/strong> 16\/05\/2026<\/p><div class=\"pk-actions\"><a class=\"button primary\" href=\"https:\/\/sys.punaimepare.com\/si_client_register\/client\/wtc\/561bc445937dc58f2c8020d078d6f262\">Apliko Tani<\/a><a class=\"button outline pull-right\" href=\"https:\/\/punaimepare.com\/sr\/konkurset\/1-pozit-kuzhiniere-restoran-caffe-bar-casper\/\" aria-label=\"Shiko pozit\u00ebn n\u00eb detaje\"><span class=\"fa-solid fa-eye\"><\/span><\/a><\/div><\/div><div class=\"pk-wrap\"><span class=\"pk-ribbon pk-ribbon--punaimepare\">Programi \u201cPuna ime e par\u00eb\u201d<\/span><\/div><\/div><\/div><div class=\"col large-4 medium-6 small-12 pk-card-col\"><div class=\"pk-card panel panel-default\"><div class=\"panel-heading\"><h5 class=\"panel-title\">2 Sportelist\/e Klin\u00eb<\/h5><\/div><div class=\"panel-body\"><div class=\"pk-preview-content\">\ud83d\udce2 THIRRJE P\u00cbR APLIKIM \u2013 PUN\u00cb PRAKTIKE p\u00ebrmes Programit \u201cPuna Ime e Par\u00eb\u201d\r\nA jeni n\u00eb k\u00ebrkim t\u00eb pun\u00ebs suaj t\u00eb par\u00eb dhe d\u00ebshironi t\u00eb fitoni p\u00ebrvoj\u00eb praktike n\u00eb nj\u00eb institucion t\u00eb r\u00ebnd\u00ebsish\u00ebm publik? Posta e Kosov\u00ebs, n\u00eb kuad\u00ebr t\u00eb programit \u201cPuna Ime e Par\u00eb\u201d, ofron mund\u00ebsi p\u00ebr pun\u00eb pr\u2026<\/div><p><strong>Afati i fundit:<\/strong> 30\/04\/2026<\/p><div class=\"pk-actions\"><span class=\"button disabled\">Skaduar<\/span><a class=\"button outline pull-right\" href=\"https:\/\/punaimepare.com\/sr\/konkurset\/2-sportelist-e-kline\/\" aria-label=\"Shiko pozit\u00ebn n\u00eb detaje\"><span class=\"fa-solid fa-eye\"><\/span><\/a><\/div><\/div><div class=\"pk-wrap\"><span class=\"pk-ribbon pk-ribbon--punaimepare\">Programi \u201cPuna ime e par\u00eb\u201d<\/span><\/div><\/div><\/div><div class=\"col large-4 medium-6 small-12 pk-card-col\"><div class=\"pk-card panel panel-default\"><div class=\"panel-heading\"><h5 class=\"panel-title\">1 Sportelist\/e Shtime<\/h5><\/div><div class=\"panel-body\"><div class=\"pk-preview-content\">\ud83d\udce2 THIRRJE P\u00cbR APLIKIM \u2013 PUN\u00cb PRAKTIKE p\u00ebrmes Programit \u201cPuna Ime e Par\u00eb\u201d\r\nA jeni n\u00eb k\u00ebrkim t\u00eb pun\u00ebs suaj t\u00eb par\u00eb dhe d\u00ebshironi t\u00eb fitoni p\u00ebrvoj\u00eb praktike n\u00eb nj\u00eb institucion t\u00eb r\u00ebnd\u00ebsish\u00ebm publik? Posta e Kosov\u00ebs, n\u00eb kuad\u00ebr t\u00eb programit \u201cPuna Ime e Par\u00eb\u201d, ofron mund\u00ebsi p\u00ebr pun\u00eb pr\u2026<\/div><p><strong>Afati i fundit:<\/strong> 30\/04\/2026<\/p><div class=\"pk-actions\"><span class=\"button disabled\">Skaduar<\/span><a class=\"button outline pull-right\" href=\"https:\/\/punaimepare.com\/sr\/konkurset\/1-sportelist-e-janjeve\/\" aria-label=\"Shiko pozit\u00ebn n\u00eb detaje\"><span class=\"fa-solid fa-eye\"><\/span><\/a><\/div><\/div><div class=\"pk-wrap\"><span class=\"pk-ribbon pk-ribbon--punaimepare\">Programi \u201cPuna ime e par\u00eb\u201d<\/span><\/div><\/div><\/div><div class=\"col large-4 medium-6 small-12 pk-card-col\"><div class=\"pk-card panel panel-default\"><div class=\"panel-heading\"><h5 class=\"panel-title\">2 Sportelist\/e Ferizaj<\/h5><\/div><div class=\"panel-body\"><div class=\"pk-preview-content\">\ud83d\udce2 THIRRJE P\u00cbR APLIKIM \u2013 PUN\u00cb PRAKTIKE p\u00ebrmes Programit \u201cPuna Ime e Par\u00eb\u201d\r\nA jeni n\u00eb k\u00ebrkim t\u00eb pun\u00ebs suaj t\u00eb par\u00eb dhe d\u00ebshironi t\u00eb fitoni p\u00ebrvoj\u00eb praktike n\u00eb nj\u00eb institucion t\u00eb r\u00ebnd\u00ebsish\u00ebm publik? Posta e Kosov\u00ebs, n\u00eb kuad\u00ebr t\u00eb programit \u201cPuna Ime e Par\u00eb\u201d, ofron mund\u00ebsi p\u00ebr pun\u00eb pr\u2026<\/div><p><strong>Afati i fundit:<\/strong> 30\/04\/2026<\/p><div class=\"pk-actions\"><span class=\"button disabled\">Skaduar<\/span><a class=\"button outline pull-right\" href=\"https:\/\/punaimepare.com\/sr\/konkurset\/2-sportelist-e-ferizaj\/\" aria-label=\"Shiko pozit\u00ebn n\u00eb detaje\"><span class=\"fa-solid fa-eye\"><\/span><\/a><\/div><\/div><div class=\"pk-wrap\"><span class=\"pk-ribbon pk-ribbon--punaimepare\">Programi \u201cPuna ime e par\u00eb\u201d<\/span><\/div><\/div><\/div><div class=\"col large-4 medium-6 small-12 pk-card-col\"><div class=\"pk-card panel panel-default\"><div class=\"panel-heading\"><h5 class=\"panel-title\">1 Sportelist\/e Istog<\/h5><\/div><div class=\"panel-body\"><div class=\"pk-preview-content\">\ud83d\udce2 THIRRJE P\u00cbR APLIKIM \u2013 PUN\u00cb PRAKTIKE p\u00ebrmes Programit \u201cPuna Ime e Par\u00eb\u201d\r\nA jeni n\u00eb k\u00ebrkim t\u00eb pun\u00ebs suaj t\u00eb par\u00eb dhe d\u00ebshironi t\u00eb fitoni p\u00ebrvoj\u00eb praktike n\u00eb nj\u00eb institucion t\u00eb r\u00ebnd\u00ebsish\u00ebm publik? Posta e Kosov\u00ebs, n\u00eb kuad\u00ebr t\u00eb programit \u201cPuna Ime e Par\u00eb\u201d, ofron mund\u00ebsi p\u00ebr pun\u00eb pr\u2026<\/div><p><strong>Afati i fundit:<\/strong> 30\/04\/2026<\/p><div class=\"pk-actions\"><span class=\"button disabled\">Skaduar<\/span><a class=\"button outline pull-right\" href=\"https:\/\/punaimepare.com\/sr\/konkurset\/1-sportelist-e-istog\/\" aria-label=\"Shiko pozit\u00ebn n\u00eb detaje\"><span class=\"fa-solid fa-eye\"><\/span><\/a><\/div><\/div><div class=\"pk-wrap\"><span class=\"pk-ribbon pk-ribbon--punaimepare\">Programi \u201cPuna ime e par\u00eb\u201d<\/span><\/div><\/div><\/div><div class=\"col large-4 medium-6 small-12 pk-card-col\"><div class=\"pk-card panel panel-default\"><div class=\"panel-heading\"><h5 class=\"panel-title\">2 Sportelist\/e Kamenic\u00eb<\/h5><\/div><div class=\"panel-body\"><div class=\"pk-preview-content\">\ud83d\udce2 THIRRJE P\u00cbR APLIKIM \u2013 PUN\u00cb PRAKTIKE p\u00ebrmes Programit \u201cPuna Ime e Par\u00eb\u201d\r\nA jeni n\u00eb k\u00ebrkim t\u00eb pun\u00ebs suaj t\u00eb par\u00eb dhe d\u00ebshironi t\u00eb fitoni p\u00ebrvoj\u00eb praktike n\u00eb nj\u00eb institucion t\u00eb r\u00ebnd\u00ebsish\u00ebm publik? Posta e Kosov\u00ebs, n\u00eb kuad\u00ebr t\u00eb programit \u201cPuna Ime e Par\u00eb\u201d, ofron mund\u00ebsi p\u00ebr pun\u00eb pr\u2026<\/div><p><strong>Afati i fundit:<\/strong> 30\/04\/2026<\/p><div class=\"pk-actions\"><span class=\"button disabled\">Skaduar<\/span><a class=\"button outline pull-right\" href=\"https:\/\/punaimepare.com\/sr\/konkurset\/1-sportelist-e-kamenice\/\" aria-label=\"Shiko pozit\u00ebn n\u00eb detaje\"><span class=\"fa-solid fa-eye\"><\/span><\/a><\/div><\/div><div class=\"pk-wrap\"><span class=\"pk-ribbon pk-ribbon--punaimepare\">Programi \u201cPuna ime e par\u00eb\u201d<\/span><\/div><\/div><\/div><div class=\"col large-4 medium-6 small-12 pk-card-col\"><div class=\"pk-card panel panel-default\"><div class=\"panel-heading\"><h5 class=\"panel-title\">1 Sportelist\/e Podujev\u00eb<\/h5><\/div><div class=\"panel-body\"><div class=\"pk-preview-content\">\ud83d\udce2 THIRRJE P\u00cbR APLIKIM \u2013 PUN\u00cb PRAKTIKE p\u00ebrmes Programit \u201cPuna Ime e Par\u00eb\u201d\r\nA jeni n\u00eb k\u00ebrkim t\u00eb pun\u00ebs suaj t\u00eb par\u00eb dhe d\u00ebshironi t\u00eb fitoni p\u00ebrvoj\u00eb praktike n\u00eb nj\u00eb institucion t\u00eb r\u00ebnd\u00ebsish\u00ebm publik? Posta e Kosov\u00ebs, n\u00eb kuad\u00ebr t\u00eb programit \u201cPuna Ime e Par\u00eb\u201d, ofron mund\u00ebsi p\u00ebr pun\u00eb pr\u2026<\/div><p><strong>Afati i fundit:<\/strong> 30\/04\/2026<\/p><div class=\"pk-actions\"><span class=\"button disabled\">Skaduar<\/span><a class=\"button outline pull-right\" href=\"https:\/\/punaimepare.com\/sr\/konkurset\/1-sportelist-e-podujeve\/\" aria-label=\"Shiko pozit\u00ebn n\u00eb detaje\"><span class=\"fa-solid fa-eye\"><\/span><\/a><\/div><\/div><div class=\"pk-wrap\"><span class=\"pk-ribbon pk-ribbon--punaimepare\">Programi \u201cPuna ime e par\u00eb\u201d<\/span><\/div><\/div><\/div><div class=\"col large-4 medium-6 small-12 pk-card-col\"><div class=\"pk-card panel panel-default\"><div class=\"panel-heading\"><h5 class=\"panel-title\">2 Sportelist\/e Gjakov\u00eb<\/h5><\/div><div class=\"panel-body\"><div class=\"pk-preview-content\">\ud83d\udce2 THIRRJE P\u00cbR APLIKIM \u2013 PUN\u00cb PRAKTIKE p\u00ebrmes Programit \u201cPuna Ime e Par\u00eb\u201d\r\nA jeni n\u00eb k\u00ebrkim t\u00eb pun\u00ebs suaj t\u00eb par\u00eb dhe d\u00ebshironi t\u00eb fitoni p\u00ebrvoj\u00eb praktike n\u00eb nj\u00eb institucion t\u00eb r\u00ebnd\u00ebsish\u00ebm publik? Posta e Kosov\u00ebs, n\u00eb kuad\u00ebr t\u00eb programit \u201cPuna Ime e Par\u00eb\u201d, ofron mund\u00ebsi p\u00ebr pun\u00eb pr\u2026<\/div><p><strong>Afati i fundit:<\/strong> 30\/04\/2026<\/p><div class=\"pk-actions\"><span class=\"button disabled\">Skaduar<\/span><a class=\"button outline pull-right\" href=\"https:\/\/punaimepare.com\/sr\/konkurset\/2-sportelist-e-gjakove\/\" aria-label=\"Shiko pozit\u00ebn n\u00eb detaje\"><span class=\"fa-solid fa-eye\"><\/span><\/a><\/div><\/div><div class=\"pk-wrap\"><span class=\"pk-ribbon pk-ribbon--punaimepare\">Programi \u201cPuna ime e par\u00eb\u201d<\/span><\/div><\/div><\/div><div class=\"col large-4 medium-6 small-12 pk-card-col\"><div class=\"pk-card panel panel-default\"><div class=\"panel-heading\"><h5 class=\"panel-title\">2 Sportelist\/e Prizren<\/h5><\/div><div class=\"panel-body\"><div class=\"pk-preview-content\">\ud83d\udce2 THIRRJE P\u00cbR APLIKIM \u2013 PUN\u00cb PRAKTIKE p\u00ebrmes Programit \u201cPuna Ime e Par\u00eb\u201d\r\nA jeni n\u00eb k\u00ebrkim t\u00eb pun\u00ebs suaj t\u00eb par\u00eb dhe d\u00ebshironi t\u00eb fitoni p\u00ebrvoj\u00eb praktike n\u00eb nj\u00eb institucion t\u00eb r\u00ebnd\u00ebsish\u00ebm publik? Posta e Kosov\u00ebs, n\u00eb kuad\u00ebr t\u00eb programit \u201cPuna Ime e Par\u00eb\u201d, ofron mund\u00ebsi p\u00ebr pun\u00eb pr\u2026<\/div><p><strong>Afati i fundit:<\/strong> 30\/04\/2026<\/p><div class=\"pk-actions\"><span class=\"button disabled\">Skaduar<\/span><a class=\"button outline pull-right\" href=\"https:\/\/punaimepare.com\/sr\/konkurset\/2-sportelist-e-prizren\/\" aria-label=\"Shiko pozit\u00ebn n\u00eb detaje\"><span class=\"fa-solid fa-eye\"><\/span><\/a><\/div><\/div><div class=\"pk-wrap\"><span class=\"pk-ribbon pk-ribbon--punaimepare\">Programi \u201cPuna ime e par\u00eb\u201d<\/span><\/div><\/div><\/div><div class=\"col large-4 medium-6 small-12 pk-card-col\"><div class=\"pk-card panel panel-default\"><div class=\"panel-heading\"><h5 class=\"panel-title\">1 Sportelist\/e Obiliq<\/h5><\/div><div class=\"panel-body\"><div class=\"pk-preview-content\">\ud83d\udce2 THIRRJE P\u00cbR APLIKIM \u2013 PUN\u00cb PRAKTIKE p\u00ebrmes Programit \u201cPuna Ime e Par\u00eb\u201d\r\nA jeni n\u00eb k\u00ebrkim t\u00eb pun\u00ebs suaj t\u00eb par\u00eb dhe d\u00ebshironi t\u00eb fitoni p\u00ebrvoj\u00eb praktike n\u00eb nj\u00eb institucion t\u00eb r\u00ebnd\u00ebsish\u00ebm publik? Posta e Kosov\u00ebs, n\u00eb kuad\u00ebr t\u00eb programit \u201cPuna Ime e Par\u00eb\u201d, ofron mund\u00ebsi p\u00ebr pun\u00eb pr\u2026<\/div><p><strong>Afati i fundit:<\/strong> 30\/04\/2026<\/p><div class=\"pk-actions\"><span class=\"button disabled\">Skaduar<\/span><a class=\"button outline pull-right\" href=\"https:\/\/punaimepare.com\/sr\/konkurset\/1-sportelist-e-obiliq\/\" aria-label=\"Shiko pozit\u00ebn n\u00eb detaje\"><span class=\"fa-solid fa-eye\"><\/span><\/a><\/div><\/div><div class=\"pk-wrap\"><span class=\"pk-ribbon pk-ribbon--punaimepare\">Programi \u201cPuna ime e par\u00eb\u201d<\/span><\/div><\/div><\/div><div class=\"col large-4 medium-6 small-12 pk-card-col\"><div class=\"pk-card panel panel-default\"><div class=\"panel-heading\"><h5 class=\"panel-title\">2 Sportelist\/e Prishtin\u00eb<\/h5><\/div><div class=\"panel-body\"><div class=\"pk-preview-content\">\ud83d\udce2 THIRRJE P\u00cbR APLIKIM \u2013 PUN\u00cb PRAKTIKE p\u00ebrmes Programit \u201cPuna Ime e Par\u00eb\u201d\r\nA jeni n\u00eb k\u00ebrkim t\u00eb pun\u00ebs suaj t\u00eb par\u00eb dhe d\u00ebshironi t\u00eb fitoni p\u00ebrvoj\u00eb praktike n\u00eb nj\u00eb institucion t\u00eb r\u00ebnd\u00ebsish\u00ebm publik? Posta e Kosov\u00ebs, n\u00eb kuad\u00ebr t\u00eb programit \u201cPuna Ime e Par\u00eb\u201d, ofron mund\u00ebsi p\u00ebr pun\u00eb pr\u2026<\/div><p><strong>Afati i fundit:<\/strong> 30\/04\/2026<\/p><div class=\"pk-actions\"><span class=\"button disabled\">Skaduar<\/span><a class=\"button outline pull-right\" href=\"https:\/\/punaimepare.com\/sr\/konkurset\/1-sportelist-e-prishtine\/\" aria-label=\"Shiko pozit\u00ebn n\u00eb detaje\"><span class=\"fa-solid fa-eye\"><\/span><\/a><\/div><\/div><div class=\"pk-wrap\"><span class=\"pk-ribbon pk-ribbon--punaimepare\">Programi \u201cPuna ime e par\u00eb\u201d<\/span><\/div><\/div><\/div><\/div><\/div><button class=\"pk-filter-toggle\" type=\"button\" aria-controls=\"pk-filter-sticky\" aria-expanded=\"false\">\u2699\ufe0f Filtro<\/button><aside id=\"pk-filter-sticky\" class=\"pk-filter pk-filter-sticky\" role=\"complementary\" aria-label=\"Filtrat e konkurseve\"style=\"height: 300px;\"><h4 style=\"color: white;\">Filtro shpalljet sipas:<\/h4><form method=\"get\" action=\"\/sr\/wp-json\/wp\/v2\/pages\/843\" data-trp-original-action=\"\/sr\/wp-json\/wp\/v2\/pages\/843\"><div class=\"pk-field\"><label for=\"lloji_pozites\" style=\"color: white;\">Llojit t\u00eb pozit\u00ebs<\/label><select id=\"lloji_pozites\" name=\"lloji_pozites\"><option value=\"\"  selected='selected'>T\u00eb gjitha<\/option><option value=\"Intern\" >Praktik\u00eb \/ jasht\u00eb programit<\/option><option value=\"Employee\" >Pun\u00eb me orar t\u00eb plot\u00eb<\/option><option value=\"PunaImePare\" >Programi \u201cPuna ime e par\u00eb\u201d<\/option><option value=\"PartTime\" >Pun\u00eb me orar t\u00eb shkurt\u00ebr<\/option><\/select><\/div><div class=\"pk-field\"><label for=\"validiteti\" style=\"color: white;\">Validitetit t\u00eb konkursit<\/label><select id=\"validiteti\" name=\"validiteti\"><option value=\"all\"  selected='selected'>T\u00eb gjitha<\/option><option value=\"valid\" >Aktive (t\u00eb pavaliduara)<\/option><option value=\"expired\" >Skaduara<\/option><\/select><\/div><div class=\"pk-field\"><button type=\"submit\" class=\"button primary\">Filtro<\/button><\/div><input type=\"hidden\" name=\"trp-form-language\" value=\"sr\"\/><\/form><\/div><script>(function(){var b=document.querySelector(\".pk-filter-toggle\");var p=document.getElementById(\"pk-filter-sticky\");if(!b||!p) return; b.addEventListener(\"click\",function(){ var o=p.classList.toggle(\"open\"); b.setAttribute(\"aria-expanded\", o?\"true\":\"false\"); });})();<\/script><\/div>","protected":false},"excerpt":{"rendered":"","protected":false},"author":5,"featured_media":0,"parent":0,"menu_order":0,"comment_status":"closed","ping_status":"closed","template":"","meta":{"footnotes":""},"class_list":["post-843","page","type-page","status-publish","hentry"],"_links":{"self":[{"href":"https:\/\/punaimepare.com\/sr\/wp-json\/wp\/v2\/pages\/843","targetHints":{"allow":["GET"]}}],"collection":[{"href":"https:\/\/punaimepare.com\/sr\/wp-json\/wp\/v2\/pages"}],"about":[{"href":"https:\/\/punaimepare.com\/sr\/wp-json\/wp\/v2\/types\/page"}],"author":[{"embeddable":true,"href":"https:\/\/punaimepare.com\/sr\/wp-json\/wp\/v2\/users\/5"}],"replies":[{"embeddable":true,"href":"https:\/\/punaimepare.com\/sr\/wp-json\/wp\/v2\/comments?post=843"}],"version-history":[{"count":3,"href":"https:\/\/punaimepare.com\/sr\/wp-json\/wp\/v2\/pages\/843\/revisions"}],"predecessor-version":[{"id":847,"href":"https:\/\/punaimepare.com\/sr\/wp-json\/wp\/v2\/pages\/843\/revisions\/847"}],"wp:attachment":[{"href":"https:\/\/punaimepare.com\/sr\/wp-json\/wp\/v2\/media?parent=843"}],"curies":[{"name":"wp","href":"https:\/\/api.w.org\/{rel}","templated":true}]}}