{"id":82,"date":"2024-09-29T16:47:27","date_gmt":"2024-09-29T16:47:27","guid":{"rendered":"https:\/\/punaimepare.com\/?page_id=82"},"modified":"2025-04-16T06:36:35","modified_gmt":"2025-04-16T06:36:35","slug":"per-ne","status":"publish","type":"page","link":"https:\/\/punaimepare.com\/sr\/per-ne\/","title":{"rendered":"P\u00ebr ne"},"content":{"rendered":"<section class=\"section\" id=\"section_1792808083\">\n\t\t<div class=\"section-bg fill\" >\n\t\t\t\t\t\t\t\t\t<div class=\"section-bg-overlay absolute fill\"><\/div>\n\t\t\t\n\n\t\t<\/div>\n\n\t\t\n\n\t\t<div class=\"section-content relative\">\n\t\t\t\n<div class=\"row align-center\"  id=\"row-1236289389\">\n\n\t<div id=\"col-2107400642\" class=\"col medium-5 small-12 large-5\"  >\n\t\t\t\t<div class=\"col-inner text-center\"  >\n\t\t\t\n\t\t\t\n\t<div class=\"img has-hover x md-x lg-x y md-y lg-y\" id=\"image_1355548496\">\n\t\t\t\t\t\t\t\t<div class=\"img-inner dark\" >\n\t\t\t<img loading=\"lazy\" decoding=\"async\" width=\"683\" height=\"1024\" src=\"https:\/\/punaimepare.com\/wp-content\/uploads\/2024\/11\/Isak-Skenderi-683x1024.jpg\" class=\"attachment-large size-large\" alt=\"\" srcset=\"https:\/\/punaimepare.com\/wp-content\/uploads\/2024\/11\/Isak-Skenderi-683x1024.jpg 683w, https:\/\/punaimepare.com\/wp-content\/uploads\/2024\/11\/Isak-Skenderi-200x300.jpg 200w, https:\/\/punaimepare.com\/wp-content\/uploads\/2024\/11\/Isak-Skenderi-768x1152.jpg 768w, https:\/\/punaimepare.com\/wp-content\/uploads\/2024\/11\/Isak-Skenderi-1024x1536.jpg 1024w, https:\/\/punaimepare.com\/wp-content\/uploads\/2024\/11\/Isak-Skenderi-1365x2048.jpg 1365w, https:\/\/punaimepare.com\/wp-content\/uploads\/2024\/11\/Isak-Skenderi-8x12.jpg 8w, https:\/\/punaimepare.com\/wp-content\/uploads\/2024\/11\/Isak-Skenderi-scaled.jpg 1707w\" sizes=\"auto, (max-width: 683px) 100vw, 683px\" \/>\t\t\t\t\t\t\n\t\t\t\t\t<\/div>\n\t\t\t\t\t\t\t\t\n<style>\n#image_1355548496 {\n  width: 64%;\n}\n<\/style>\n\t<\/div>\n\t\n\t<div id=\"text-892330048\" class=\"text\">\n\t\t\n<p><span style=\"color: #ed7d31;\"><strong>Isak SKENDERI<\/strong><\/span><br \/>\nOjq Z\u00ebri i Rom\u00ebve, Ashkalive dhe Egjiptian\u00ebve<\/p>\n\t\t\n<style>\n#text-892330048 {\n  font-size: 0.9rem;\n}\n<\/style>\n\t<\/div>\n\t\n\t\t<\/div>\n\t\t\t\t\t<\/div>\n\n\t\n\n\t<div id=\"col-31630859\" class=\"col medium-5 small-12 large-5\"  >\n\t\t\t\t<div class=\"col-inner\"  >\n\t\t\t\n\t\t\t\n<p><span style=\"color: #ed7d31;\">Dragi Mladima<\/span><\/p>\n<p><span style=\"color: #ed7d31;\">\u00cbSHT\u00cb<\/span> nj\u00eb k\u00ebnaq\u00ebsi e ve\u00e7ant\u00eb t\u00eb ndaj me ju nism\u00ebn ton\u00eb m\u00eb t\u00eb re, programin <strong>&#8220;Puna ime e Par\u00eb&#8221;<\/strong>. Ky program \u00ebsht\u00eb krijuar me q\u00ebllim t&#8217;ju ofroj\u00eb mund\u00ebsin\u00eb e par\u00eb p\u00ebr t\u00eb p\u00ebrjetuar bot\u00ebn profesionale dhe p\u00ebr t\u00eb zhvilluar aft\u00ebsit\u00eb q\u00eb do t\u00eb jen\u00eb themelore n\u00eb rrug\u00ebn tuaj t\u00eb karrier\u00ebs.Ne si organizat &#8220;Z\u00ebri i Rom\u00ebve, Ashkalive dhe Egjiptian\u00ebve&#8221; besojm\u00eb fuqimisht se fuqizimi i t\u00eb rinjve, p\u00ebrmes p\u00ebrvojave praktike dhe mb\u00ebshtetjes profesionale, do t\u00eb jet\u00eb \u00e7el\u00ebsi p\u00ebr nj\u00eb t\u00eb ardhme t\u00eb suksesshme dhe t\u00eb q\u00ebndrueshme p\u00ebr t\u00eb rinjt e komuniteteve rom, ashkali dhe egjitpian.<\/p>\n<p>Ovaj program vam pru\u017ea priliku da u\u010dite izbliza, izazovete sebe i doprinosite razli\u010ditim projektima koji imaju zna\u010dajan uticaj na \u017eivote mladih iz romskih, a\u0161kalijskih i egipatskih zajednica. Podsti\u010demo vas da se prijavite i postanete deo ovog jedinstvenog iskustva koje \u0107e nesumnjivo obogatiti va\u0161e znanje i otvoriti vrata novih prilika. Dobrodo\u0161li na ovo va\u017eno putovanje i radujemo se \u0161to \u0107emo videti va\u0161u energiju i nove ideje koje \u0107e nam pomo\u0107i da krenemo napred zajedno.<\/p>\n\t\t<\/div>\n\t\t\t\t\t<\/div>\n\n\t\n<\/div>\n\t\t<\/div>\n\n\t\t\n<style>\n#section_1792808083 {\n  padding-top: 60px;\n  padding-bottom: 60px;\n  background-color: rgb(255, 255, 255);\n}\n#section_1792808083 .section-bg-overlay {\n  background-color: rgba(255, 255, 255, 0.895);\n}\n<\/style>\n\t<\/section>\n\t\n\n\t<section class=\"section\" id=\"section_1756667965\">\n\t\t<div class=\"section-bg fill\" >\n\t\t\t<img decoding=\"async\" src=\"https:\/\/punaimepare.com\/wp-content\/uploads\/2024\/10\/Rect-Light-2.svg\" class=\"bg attachment- size-\" alt=\"\" \/>\t\t\t\t\t\t<div class=\"section-bg-overlay absolute fill\"><\/div>\n\t\t\t\n\n\t\t<\/div>\n\n\t\t\n\n\t\t<div class=\"section-content relative\">\n\t\t\t\n<div class=\"row align-middle align-center\"  id=\"row-1098263642\">\n\n\t<div id=\"col-1148815279\" class=\"col medium-4 small-12 large-4\"  >\n\t\t\t\t<div class=\"col-inner text-center dark\" style=\"background-color:#0249b6;\" >\n\t\t\t\n\t\t\t\n<h4 class=\"uppercase\"><strong>Obrazovni program<\/strong><\/h4>\n\t\t<\/div>\n\t\t\t\t\n<style>\n#col-1148815279 > .col-inner {\n  padding: 30px 30px 20px 30px;\n  border-radius: 5px;\n}\n<\/style>\n\t<\/div>\n\n\t\n\n\t<div id=\"col-491179380\" class=\"col medium-4 small-12 large-4\"  >\n\t\t\t\t<div class=\"col-inner text-center\" style=\"background-color:#ffde59;\" >\n\t\t\t\n\t\t\t\n<h4 class=\"uppercase\"><strong>Program stanovanja<\/strong><\/h4>\n\t\t<\/div>\n\t\t\t\t\n<style>\n#col-491179380 > .col-inner {\n  padding: 30px 30px 20px 30px;\n  border-radius: 5px;\n}\n<\/style>\n\t<\/div>\n\n\t\n\n\t<div id=\"col-1022119723\" class=\"col medium-4 small-12 large-4\"  >\n\t\t\t\t<div class=\"col-inner text-center dark\" style=\"background-color:rgb(2, 182, 95);\" >\n\t\t\t\n\t\t\t\n<h4 class=\"uppercase\"><strong>Program protiv antigypsizma<\/strong><\/h4>\n\t\t<\/div>\n\t\t\t\t\n<style>\n#col-1022119723 > .col-inner {\n  padding: 30px 30px 20px 30px;\n  border-radius: 5px;\n}\n<\/style>\n\t<\/div>\n\n\t\n\n\t<div id=\"col-1378282872\" class=\"col medium-4 small-12 large-4\"  >\n\t\t\t\t<div class=\"col-inner text-center dark\" style=\"background-color:rgb(174, 2, 182);\" >\n\t\t\t\n\t\t\t\n<h4 class=\"uppercase\"><strong>Program zapo\u0161ljavanja<\/strong><\/h4>\n\t\t<\/div>\n\t\t\t\t\n<style>\n#col-1378282872 > .col-inner {\n  padding: 30px 30px 20px 30px;\n  border-radius: 5px;\n}\n<\/style>\n\t<\/div>\n\n\t\n\n\t<div id=\"col-1206398586\" class=\"col medium-4 small-12 large-4\"  >\n\t\t\t\t<div class=\"col-inner text-center dark\" style=\"background-color:rgb(237, 125, 49);\" >\n\t\t\t\n\t\t\t\n<h4 class=\"uppercase\">Program osna\u017eivanja \u017eena<\/h4>\n\t\t<\/div>\n\t\t\t\t\n<style>\n#col-1206398586 > .col-inner {\n  padding: 30px 30px 20px 20px;\n  border-radius: 5px;\n}\n<\/style>\n\t<\/div>\n\n\t\n<\/div>\n\t\t<\/div>\n\n\t\t\n<style>\n#section_1756667965 {\n  padding-top: 84px;\n  padding-bottom: 84px;\n}\n#section_1756667965 .section-bg-overlay {\n  background-color: rgba(255, 255, 255, 0.93);\n}\n<\/style>\n\t<\/section>\n\t\n\n\t<section class=\"section\" id=\"section_1279592938\">\n\t\t<div class=\"section-bg fill\" >\n\t\t\t\t\t\t\t\t\t<div class=\"section-bg-overlay absolute fill\"><\/div>\n\t\t\t\n\n\t\t<\/div>\n\n\t\t\n\n\t\t<div class=\"section-content relative\">\n\t\t\t\n\t<div id=\"gap-471078082\" class=\"gap-element clearfix\" style=\"display:block; height:auto;\">\n\t\t\n<style>\n#gap-471078082 {\n  padding-top: 30px;\n}\n<\/style>\n\t<\/div>\n\t\n<div class=\"row row-large\"  id=\"row-1623188609\">\n\n\t<div id=\"col-1662014617\" class=\"col small-12 large-12\"  >\n\t\t\t\t<div class=\"col-inner\"  >\n\t\t\t\n\t\t\t\n<div class=\"row\"  id=\"row-1380238255\">\n\n\t<div id=\"col-220564734\" class=\"col medium-6 small-12 large-6\"  >\n\t\t\t\t<div class=\"col-inner\"  >\n\t\t\t\n\t\t\t\n<h3>Cilj<\/h3>\n<p>Cilj platforme je da podstakne osna\u017eivanje mladih iz romskih, a\u0161kalijskih i egipatskih zajednica za zapo\u0161ljavanje i da pru\u017ei podr\u0161ku ekonomiji u re\u0161avanju problema nedostatka osoblja. Mladima \u0107e koristiti u razvoju profesionalnih ve\u0161tina i upoznavanju sa njihovim prvim poslom.<\/p>\n\t\t<\/div>\n\t\t\t\t\t<\/div>\n\n\t\n\n\t<div id=\"col-1640994254\" class=\"col medium-6 small-12 large-6\"  >\n\t\t\t\t<div class=\"col-inner\"  >\n\t\t\t\n\t\t\t\n<h3>Cilj<\/h3>\n<p>Osigurati dostojno i neiskori\u0161\u0107avaju\u0107e zapo\u0161ljavanje za pobolj\u0161anje budu\u0107ih mogu\u0107nosti i dostojanstva \u010dlanova romskih, a\u0161kalijskih i egipatskih zajednica. Drugim re\u010dima, pru\u017eiti ja\u010di i inkluzivniji put od obrazovanja do zapo\u0161ljavanja.<\/p>\n\t\t<\/div>\n\t\t\t\t\t<\/div>\n\n\t\n<\/div>\n\t\t<\/div>\n\t\t\t\t\t<\/div>\n\n\t\n<\/div>\n<div class=\"row\"  id=\"row-1741272839\">\n\n\t<div id=\"col-62012147\" class=\"col small-12 large-12\"  >\n\t\t\t\t<div class=\"col-inner\"  >\n\t\t\t\n\t\t\t\n<h3>Mogu\u0107nosti<\/h3>\n<p>Platforma \u201cMoj prvi posao\u201d pru\u017ea mladima mogu\u0107nost da u\u0111u u \u017eeljene kompanije i \u0161ansu da dobiju svoj prvi ugovor o radu nakon zavr\u0161etka \u0161estomese\u010dnog programa. Ovo mo\u017ee biti zlatna prilika za njih, jer iskustva mnogih ljudi pokazuju da je najte\u017ee prona\u0107i prvi posao.<\/p>\n<p>Platforma \u201cMoj prvi posao\u201d promovi\u0161e zapo\u0161ljavanje mladih nude\u0107i dostojna radna mesta i profesionalne obuke u saradnji sa Agencijom za zapo\u0161ljavanje Republike Kosova za nezaposlene mlade ljude. Na taj na\u010din, oni \u0107e ste\u0107i znanje, ve\u0161tine i kompetencije potrebne za zapo\u0161ljavanje, dok \u0107e istovremeno re\u0161avati problem nedostatka osoblja u javnom\/privatnom sektoru. Prakti\u010dni rad \u0107e se obavljati prema postavljenom programu sa mentorom koji nadgleda i pru\u017ea podr\u0161ku. Nakon zavr\u0161etka, dobi\u0107e referencu za zavr\u0161eni prakti\u010dni rad za specifi\u010dna radna mesta, \u0161to pove\u0107ava njihove \u0161anse za pronala\u017eenje zaposlenja. Prakti\u010dni rad bi\u0107e ponu\u0111en tokom \u0161estomese\u010dnog perioda zapo\u0161ljavanja, gde \u0107e ste\u0107i svoje prvo radno iskustvo, koje \u0107e kasnije primeniti na ste\u010deno znanje, razviti nove ve\u0161tine i pobolj\u0161ati radne navike.<\/p>\n<p>Programi se tako\u0111e fokusiraju na dru\u0161tveno odgovorne poslodavce koji veruju da mladima treba dati \u0161ansu i koji su spremni da razviju i sprovedu kvalitetan plan kako bi pripremili ove mlade ljude za specifi\u010dne profile u skladu sa zahtevima tr\u017ei\u0161ta rada. Konkretno, fokusira\u0107e se na profile koji su od ve\u0107eg interesa za \u017eene, kao \u0161to su: Socijalni radnik za za\u0161titu dece, Nastavnik, Medicinsko osoblje, Javni administrator, itd.<\/p>\n<div class=\"row\"  id=\"row-1180876592\">\n\n\t<div id=\"col-847221918\" class=\"col small-12 large-12\"  >\n\t\t\t\t<div class=\"col-inner\"  >\n\t\t\t\n\t\t\t\n<h3>Partneri<\/h3>\n<p>Program zapo\u0161ljavanja \u0107e blisko sara\u0111ivati sa Agencijom za zapo\u0161ljavanje Republike Kosova i portalima, koji mogu biti pristupa\u010dniji i va\u017eniji za tra\u017eioce posla iz romskih, a\u0161kalijskih i egipatskih zajednica.<\/p>\n\t\t<\/div>\n\t\t\t\t\t<\/div>\n\n\t\n<\/div>\n\t\t<\/div>\n\t\t\t\t\t<\/div>\n\n\t\n<\/div>\n\t\t<\/div>\n\n\t\t\n<style>\n#section_1279592938 {\n  padding-top: 0px;\n  padding-bottom: 0px;\n}\n#section_1279592938 .section-bg-overlay {\n  background-color: rgba(255, 255, 255, 0.93);\n}\n@media (min-width:550px) {\n  #section_1279592938 {\n    padding-top: 60px;\n    padding-bottom: 60px;\n  }\n}\n<\/style>\n\t<\/section>","protected":false},"excerpt":{"rendered":"","protected":false},"author":1,"featured_media":0,"parent":0,"menu_order":0,"comment_status":"closed","ping_status":"closed","template":"page-blank.php","meta":{"footnotes":""},"class_list":["post-82","page","type-page","status-publish","hentry"],"_links":{"self":[{"href":"https:\/\/punaimepare.com\/sr\/wp-json\/wp\/v2\/pages\/82","targetHints":{"allow":["GET"]}}],"collection":[{"href":"https:\/\/punaimepare.com\/sr\/wp-json\/wp\/v2\/pages"}],"about":[{"href":"https:\/\/punaimepare.com\/sr\/wp-json\/wp\/v2\/types\/page"}],"author":[{"embeddable":true,"href":"https:\/\/punaimepare.com\/sr\/wp-json\/wp\/v2\/users\/1"}],"replies":[{"embeddable":true,"href":"https:\/\/punaimepare.com\/sr\/wp-json\/wp\/v2\/comments?post=82"}],"version-history":[{"count":38,"href":"https:\/\/punaimepare.com\/sr\/wp-json\/wp\/v2\/pages\/82\/revisions"}],"predecessor-version":[{"id":827,"href":"https:\/\/punaimepare.com\/sr\/wp-json\/wp\/v2\/pages\/82\/revisions\/827"}],"wp:attachment":[{"href":"https:\/\/punaimepare.com\/sr\/wp-json\/wp\/v2\/media?parent=82"}],"curies":[{"name":"wp","href":"https:\/\/api.w.org\/{rel}","templated":true}]}}