{"id":716,"date":"2025-03-09T21:29:56","date_gmt":"2025-03-09T21:29:56","guid":{"rendered":"https:\/\/punaimepare.com\/?page_id=716"},"modified":"2025-04-14T13:53:45","modified_gmt":"2025-04-14T13:53:45","slug":"gjenerata-e-dyte","status":"publish","type":"page","link":"https:\/\/punaimepare.com\/sr\/gjenerata-e-dyte\/","title":{"rendered":"Druga generacija"},"content":{"rendered":"<section class=\"section\" id=\"section_970660562\">\n\t\t<div class=\"section-bg fill\" >\n\t\t\t\t\t\t\t\t\t\n\t\t\t\n\n\t\t<\/div>\n\n\t\t\n\n\t\t<div class=\"section-content relative\">\n\t\t\t\n<div class=\"row\"  id=\"row-1844579542\">\n\n\t<div id=\"col-980089192\" class=\"col small-12 large-12\"  >\n\t\t\t\t<div class=\"col-inner\"  >\n\t\t\t\n\t\t\t\n\t<div id=\"gap-155360129\" class=\"gap-element clearfix\" style=\"display:block; height:auto;\">\n\t\t\n<style>\n#gap-155360129 {\n  padding-top: 33px;\n}\n@media (min-width:550px) {\n  #gap-155360129 {\n    padding-top: 50px;\n  }\n}\n<\/style>\n\t<\/div>\n\t\n<div class=\"row align-middle\"  id=\"row-176676091\">\n\n\t<div id=\"col-52952095\" class=\"col medium-6 small-12 large-6\"  >\n\t\t\t\t<div class=\"col-inner\"  >\n\t\t\t\n\t\t\t\n\t<div class=\"img has-hover x md-x lg-x y md-y lg-y\" id=\"image_457864930\">\n\t\t<a class=\"image-lightbox lightbox-gallery\" title=\"\" href=\"https:\/\/punaimepare.com\/wp-content\/uploads\/2025\/04\/0001.jpg\">\t\t\t\t\t\t<div class=\"img-inner image-cover dark\" style=\"padding-top:78%;\">\n\t\t\t<img loading=\"lazy\" decoding=\"async\" width=\"1251\" height=\"834\" src=\"https:\/\/punaimepare.com\/wp-content\/uploads\/2025\/04\/0001.jpg\" class=\"attachment-original size-original\" alt=\"\" srcset=\"https:\/\/punaimepare.com\/wp-content\/uploads\/2025\/04\/0001.jpg 1251w, https:\/\/punaimepare.com\/wp-content\/uploads\/2025\/04\/0001-300x200.jpg 300w, https:\/\/punaimepare.com\/wp-content\/uploads\/2025\/04\/0001-1024x683.jpg 1024w, https:\/\/punaimepare.com\/wp-content\/uploads\/2025\/04\/0001-768x512.jpg 768w, https:\/\/punaimepare.com\/wp-content\/uploads\/2025\/04\/0001-18x12.jpg 18w\" sizes=\"auto, (max-width: 1251px) 100vw, 1251px\" \/>\t\t\t\t\t\t\n\t\t\t\t\t<\/div>\n\t\t\t\t\t\t<\/a>\t\t\n<style>\n#image_457864930 {\n  width: 100%;\n}\n<\/style>\n\t<\/div>\n\t\n\t\t<\/div>\n\t\t\t\t\t<\/div>\n\n\t\n\n\t<div id=\"col-1056126343\" class=\"col medium-6 small-12 large-6\"  >\n\t\t\t\t<div class=\"col-inner\"  >\n\t\t\t\n\t\t\t\n<h3>Druga Generacija Programa \"Moje Prvo Zaposlenje\" \u2013 2024\/2025<\/h3>\n<p>Nakon izuzetnog uspeha prve generacije, program \"Moje Prvo Zaposlenje\" nastavio je da pru\u017ea odli\u010dne prilike za mlade i pojedince koji prvi put ulaze na tr\u017ei\u0161te rada. Za godinu 2024\/25, program je podr\u017eao ukupno 77 korisnika, nastavljaju\u0107i svoju tradiciju pru\u017eanja stvarnih mogu\u0107nosti za li\u010dni i profesionalni razvoj. Ovaj program je stvorio izuzetnu priliku za u\u010desnike da steknu dragoceno iskustvo i razviju va\u017ene ve\u0161tine za svoju karijeru<\/p>\n<p>U\u010desnici druge generacije su imali priliku da razviju svoje tehni\u010dke, profesionalne i me\u0111uljudske ve\u0161tine kroz prakti\u010dno iskustvo, poma\u017eu\u0107i u izgradnji \u010dvrste osnove za svoju budu\u0107nost na tr\u017ei\u0161tu rada. Oni su uspostavili vredne kontakte i stekli samopouzdanje da nastave sa razvojem karijere u razli\u010ditim oblastima rada.<\/p>\n<p>Uspeh druge generacije je jasan dokaz pozitivnog i odr\u017eivog uticaja programa \u201eMoja Prva Posao\u201c, omogu\u0107avaju\u0107i mladim ljudima da izgrade odr\u017eiv profesionalni profil i da razvijaju svoju karijeru kroz konkretne mogu\u0107nosti za zapo\u0161ljavanje. Ovo je samo po\u010detak, a program \u0107e nastaviti da pru\u017ea nove prilike za mlade u godinama koje dolaze.<\/p>\n\t\t<\/div>\n\t\t\t\t\t<\/div>\n\n\t\n<\/div>\n\t\t<\/div>\n\t\t\t\t\t<\/div>\n\n\t\n<\/div>\n\t\t<\/div>\n\n\t\t\n<style>\n#section_970660562 {\n  padding-top: 0px;\n  padding-bottom: 0px;\n}\n<\/style>\n\t<\/section>\n\t\n\n\t<section class=\"section\" id=\"section_311286240\">\n\t\t<div class=\"section-bg fill\" >\n\t\t\t\t\t\t\t\t\t\n\t\t\t\n\n\t\t<\/div>\n\n\t\t\n\n\t\t<div class=\"section-content relative\">\n\t\t\t\n<div class=\"row align-middle\"  id=\"row-1654524380\">\n\n\t<div id=\"col-2101117604\" class=\"col medium-6 small-12 large-6\"  >\n\t\t\t\t<div class=\"col-inner\"  >\n\t\t\t\n\t\t\t\n<h2 data-start=\"0\" data-end=\"56\"><strong data-start=\"4\" data-end=\"54\">Druga generacija programa <\/strong><\/h2>\n<h3 data-start=\"0\" data-end=\"56\">Moj prvi posao<\/h3>\n<p data-start=\"0\" data-end=\"405\">Program \u201eMoj prvi posao\u201c nastavlja da pru\u017ea odli\u010dne prilike za mlade koji \u017eele da razviju svoje profesionalne ve\u0161tine i u\u0111u na tr\u017ei\u0161te rada. U ovom izdanju, mnogi mladi su imali priliku da rade sa razli\u010ditim kompanijama i steknu dragoceno iskustvo koje \u0107e im pomo\u0107i u izgradnji uspe\u0161ne karijere.<\/p>\n<p>Ovde mo\u017eete videti neke od u\u010desni\u010dkih kompanija koje su doprinele pru\u017eanju odli\u010dnih prilika za praktikante. Zahvaljuju\u0107i njihovoj saradnji, mnogi praktikanti su stekli potrebno iskustvo za otvaranje dugoro\u010dnih mogu\u0107nosti za zaposlenje.<\/p>\n\t\t<\/div>\n\t\t\t\t\t<\/div>\n\n\t\n\n\t<div id=\"col-645845303\" class=\"col medium-6 small-12 large-6\"  >\n\t\t\t\t<div class=\"col-inner\"  >\n\t\t\t\n\t\t\t\n\t<div class=\"img has-hover x md-x lg-x y md-y lg-y\" id=\"image_1631608003\">\n\t\t\t\t\t\t\t\t<div class=\"img-inner dark\" >\n\t\t\t<img loading=\"lazy\" decoding=\"async\" width=\"900\" height=\"600\" src=\"https:\/\/punaimepare.com\/wp-content\/uploads\/2025\/03\/Untitled-design-1.png\" class=\"attachment-large size-large\" alt=\"\" srcset=\"https:\/\/punaimepare.com\/wp-content\/uploads\/2025\/03\/Untitled-design-1.png 900w, https:\/\/punaimepare.com\/wp-content\/uploads\/2025\/03\/Untitled-design-1-300x200.png 300w, https:\/\/punaimepare.com\/wp-content\/uploads\/2025\/03\/Untitled-design-1-768x512.png 768w, https:\/\/punaimepare.com\/wp-content\/uploads\/2025\/03\/Untitled-design-1-18x12.png 18w\" sizes=\"auto, (max-width: 900px) 100vw, 900px\" \/>\t\t\t\t\t\t\n\t\t\t\t\t<\/div>\n\t\t\t\t\t\t\t\t\n<style>\n#image_1631608003 {\n  width: 100%;\n}\n<\/style>\n\t<\/div>\n\t\n\t\t<\/div>\n\t\t\t\t\t<\/div>\n\n\t\n<\/div>\n\t\t<\/div>\n\n\t\t\n<style>\n#section_311286240 {\n  padding-top: 30px;\n  padding-bottom: 30px;\n  background-color: rgb(255, 255, 255);\n}\n<\/style>\n\t<\/section>","protected":false},"excerpt":{"rendered":"","protected":false},"author":1,"featured_media":0,"parent":0,"menu_order":0,"comment_status":"closed","ping_status":"closed","template":"page-blank.php","meta":{"footnotes":""},"class_list":["post-716","page","type-page","status-publish","hentry"],"_links":{"self":[{"href":"https:\/\/punaimepare.com\/sr\/wp-json\/wp\/v2\/pages\/716","targetHints":{"allow":["GET"]}}],"collection":[{"href":"https:\/\/punaimepare.com\/sr\/wp-json\/wp\/v2\/pages"}],"about":[{"href":"https:\/\/punaimepare.com\/sr\/wp-json\/wp\/v2\/types\/page"}],"author":[{"embeddable":true,"href":"https:\/\/punaimepare.com\/sr\/wp-json\/wp\/v2\/users\/1"}],"replies":[{"embeddable":true,"href":"https:\/\/punaimepare.com\/sr\/wp-json\/wp\/v2\/comments?post=716"}],"version-history":[{"count":14,"href":"https:\/\/punaimepare.com\/sr\/wp-json\/wp\/v2\/pages\/716\/revisions"}],"predecessor-version":[{"id":811,"href":"https:\/\/punaimepare.com\/sr\/wp-json\/wp\/v2\/pages\/716\/revisions\/811"}],"wp:attachment":[{"href":"https:\/\/punaimepare.com\/sr\/wp-json\/wp\/v2\/media?parent=716"}],"curies":[{"name":"wp","href":"https:\/\/api.w.org\/{rel}","templated":true}]}}