{"id":714,"date":"2025-03-09T21:29:38","date_gmt":"2025-03-09T21:29:38","guid":{"rendered":"https:\/\/punaimepare.com\/?page_id=714"},"modified":"2025-04-11T17:58:20","modified_gmt":"2025-04-11T17:58:20","slug":"gjenerata-e-pare","status":"publish","type":"page","link":"https:\/\/punaimepare.com\/sr\/gjenerata-e-pare\/","title":{"rendered":"Prva generacija"},"content":{"rendered":"<section class=\"section\" id=\"section_1589327188\">\n\t\t<div class=\"section-bg fill\" >\n\t\t\t\t\t\t\t\t\t\n\t\t\t\n\n\t\t<\/div>\n\n\t\t\n\n\t\t<div class=\"section-content relative\">\n\t\t\t\n<div class=\"row\"  id=\"row-72532781\">\n\n\t<div id=\"col-153073851\" class=\"col small-12 large-12\"  >\n\t\t\t\t<div class=\"col-inner\"  >\n\t\t\t\n\t\t\t\n<div class=\"row align-middle\"  id=\"row-1947739866\">\n\n\t<div id=\"col-1781201102\" class=\"col medium-6 small-12 large-6\"  >\n\t\t\t\t<div class=\"col-inner\"  >\n\t\t\t\n\t\t\t\n\t<div class=\"img has-hover x md-x lg-x y md-y lg-y\" id=\"image_1077209275\">\n\t\t<a class=\"image-lightbox lightbox-gallery\" title=\"\" href=\"https:\/\/punaimepare.com\/wp-content\/uploads\/2025\/03\/IMG_8685.jpg\">\t\t\t\t\t\t<div class=\"img-inner image-cover dark\" style=\"padding-top:78%;\">\n\t\t\t<img loading=\"lazy\" decoding=\"async\" width=\"1600\" height=\"1068\" src=\"https:\/\/punaimepare.com\/wp-content\/uploads\/2025\/03\/IMG_8685.jpg\" class=\"attachment-original size-original\" alt=\"\" srcset=\"https:\/\/punaimepare.com\/wp-content\/uploads\/2025\/03\/IMG_8685.jpg 1600w, https:\/\/punaimepare.com\/wp-content\/uploads\/2025\/03\/IMG_8685-300x200.jpg 300w, https:\/\/punaimepare.com\/wp-content\/uploads\/2025\/03\/IMG_8685-1024x684.jpg 1024w, https:\/\/punaimepare.com\/wp-content\/uploads\/2025\/03\/IMG_8685-768x513.jpg 768w, https:\/\/punaimepare.com\/wp-content\/uploads\/2025\/03\/IMG_8685-1536x1025.jpg 1536w, https:\/\/punaimepare.com\/wp-content\/uploads\/2025\/03\/IMG_8685-18x12.jpg 18w\" sizes=\"auto, (max-width: 1600px) 100vw, 1600px\" \/>\t\t\t\t\t\t\n\t\t\t\t\t<\/div>\n\t\t\t\t\t\t<\/a>\t\t\n<style>\n#image_1077209275 {\n  width: 100%;\n}\n<\/style>\n\t<\/div>\n\t\n\t\t<\/div>\n\t\t\t\t\t<\/div>\n\n\t\n\n\t<div id=\"col-474067991\" class=\"col medium-6 small-12 large-6\"  >\n\t\t\t\t<div class=\"col-inner\"  >\n\t\t\t\n\t\t\t\n<h3>PRVA GENERACIJA PROGRAMA \"MOJ PRVI POSAO\" 2023\/24<\/h3>\n<p>Program \"Moj Prvi Posao\" predstavlja va\u017enu priliku da pomogne mladim ljudima i pojedincima koji tra\u017ee svoje prvo iskustvo u zapo\u0161ljavanju da steknu nove ve\u0161tine i pro\u0161ire svoje mogu\u0107nosti na tr\u017ei\u0161tu rada. Od 76 korisnika koji su u\u010destvovali u ovom programu, 33 su uspela da na\u0111u stalne i sezonske poslove, \u0161to je uspeh koji svedo\u010di o vrednosti i uticaju programa.<\/p>\n<p>U\u010desnici su stekli dragoceno iskustvo u zapo\u0161ljavanju, koje im je pomoglo ne samo da razviju svoje profesionalne ve\u0161tine, ve\u0107 i da izgrade temelj za svoju budu\u0107nost na tr\u017ei\u0161tu rada. Tokom perioda anga\u017eovanja, u\u010dili su kroz prakti\u010dno iskustvo, pobolj\u0161avaju\u0107i svoje tehni\u010dke i profesionalne ve\u0161tine i stvaraju\u0107i mre\u017eu kontakata u svojoj odgovaraju\u0107oj industriji.<\/p>\n<p>Postignu\u0107a programa do sada potvr\u0111uju pozitivan uticaj koji ovakva prilika mo\u017ee imati, omogu\u0107avaju\u0107i u\u010desnicima da steknu neophodno iskustvo i izgrade odr\u017eiv profesionalni profil, \u0161to je temelj za uspe\u0161nu karijeru u budu\u0107nosti.<\/p>\n\t\t<\/div>\n\t\t\t\t\t<\/div>\n\n\t\n<\/div>\n\t\t<\/div>\n\t\t\t\t\t<\/div>\n\n\t\n<\/div>\n\t\t<\/div>\n\n\t\t\n<style>\n#section_1589327188 {\n  padding-top: 60px;\n  padding-bottom: 60px;\n}\n<\/style>\n\t<\/section>\n\t\n\n\t<section class=\"section\" id=\"section_224149161\">\n\t\t<div class=\"section-bg fill\" >\n\t\t\t\t\t\t\t\t\t\n\t\t\t\n\n\t\t<\/div>\n\n\t\t\n\n\t\t<div class=\"section-content relative\">\n\t\t\t\n<div class=\"row align-middle\"  id=\"row-1481653621\">\n\n\t<div id=\"col-783070534\" class=\"col medium-5 small-12 large-5\"  >\n\t\t\t\t<div class=\"col-inner\"  >\n\t\t\t\n\t\t\t\n<h2 data-start=\"0\" data-end=\"56\"><strong data-start=\"4\" data-end=\"54\">Prva generacija programa <\/strong><\/h2>\n<h3 data-start=\"0\" data-end=\"56\">Moj prvi posao<\/h3>\n<p data-start=\"58\" data-end=\"375\" class=\"translation-block\">Program<strong data-start=\"67\" data-end=\"88\"> \u201eMoj prvi posao\u201c<\/strong> je odli\u010dna prilika za mlade koji \u017eele da steknu profesionalno iskustvo i naprave prve korake na tr\u017ei\u0161tu rada. Kroz saradnju sa razli\u010ditim kompanijama, program je pomogao mnogim mladima da razviju svoje ve\u0161tine i izgrade sigurniju budu\u0107nost.<\/p>\n<p class=\"translation-block\">Ovde mo\u017eete videti neke od u\u010desni\u010dkih kompanija koje su doprinele stvaranju prilika za mlade. Zahvaljuju\u0107i njihovoj posve\u0107enosti, mnogi praktikanti su ve\u0107 stekli svoje prvo profesionalno iskustvo i pove\u0107ali \u0161anse za dugoro\u010dno zaposlenje.<\/p>\n\t\t<\/div>\n\t\t\t\t\t<\/div>\n\n\t\n\n\t<div id=\"col-540224631\" class=\"col medium-7 small-12 large-7\"  >\n\t\t\t\t<div class=\"col-inner\"  >\n\t\t\t\n\t\t\t\n\t<div class=\"img has-hover x md-x lg-x y md-y lg-y\" id=\"image_1398542177\">\n\t\t\t\t\t\t\t\t<div class=\"img-inner dark\" >\n\t\t\t<img loading=\"lazy\" decoding=\"async\" width=\"900\" height=\"600\" src=\"https:\/\/punaimepare.com\/wp-content\/uploads\/2025\/03\/Untitled-design.png\" class=\"attachment-large size-large\" alt=\"\" srcset=\"https:\/\/punaimepare.com\/wp-content\/uploads\/2025\/03\/Untitled-design.png 900w, https:\/\/punaimepare.com\/wp-content\/uploads\/2025\/03\/Untitled-design-300x200.png 300w, https:\/\/punaimepare.com\/wp-content\/uploads\/2025\/03\/Untitled-design-768x512.png 768w, https:\/\/punaimepare.com\/wp-content\/uploads\/2025\/03\/Untitled-design-18x12.png 18w\" sizes=\"auto, (max-width: 900px) 100vw, 900px\" \/>\t\t\t\t\t\t\n\t\t\t\t\t<\/div>\n\t\t\t\t\t\t\t\t\n<style>\n#image_1398542177 {\n  width: 100%;\n}\n<\/style>\n\t<\/div>\n\t\n\t\t<\/div>\n\t\t\t\t\t<\/div>\n\n\t\n<\/div>\n\t\t<\/div>\n\n\t\t\n<style>\n#section_224149161 {\n  padding-top: 30px;\n  padding-bottom: 30px;\n}\n<\/style>\n\t<\/section>","protected":false},"excerpt":{"rendered":"","protected":false},"author":1,"featured_media":0,"parent":0,"menu_order":0,"comment_status":"closed","ping_status":"closed","template":"page-blank.php","meta":{"footnotes":""},"class_list":["post-714","page","type-page","status-publish","hentry"],"_links":{"self":[{"href":"https:\/\/punaimepare.com\/sr\/wp-json\/wp\/v2\/pages\/714","targetHints":{"allow":["GET"]}}],"collection":[{"href":"https:\/\/punaimepare.com\/sr\/wp-json\/wp\/v2\/pages"}],"about":[{"href":"https:\/\/punaimepare.com\/sr\/wp-json\/wp\/v2\/types\/page"}],"author":[{"embeddable":true,"href":"https:\/\/punaimepare.com\/sr\/wp-json\/wp\/v2\/users\/1"}],"replies":[{"embeddable":true,"href":"https:\/\/punaimepare.com\/sr\/wp-json\/wp\/v2\/comments?post=714"}],"version-history":[{"count":10,"href":"https:\/\/punaimepare.com\/sr\/wp-json\/wp\/v2\/pages\/714\/revisions"}],"predecessor-version":[{"id":800,"href":"https:\/\/punaimepare.com\/sr\/wp-json\/wp\/v2\/pages\/714\/revisions\/800"}],"wp:attachment":[{"href":"https:\/\/punaimepare.com\/sr\/wp-json\/wp\/v2\/media?parent=714"}],"curies":[{"name":"wp","href":"https:\/\/api.w.org\/{rel}","templated":true}]}}