{"id":304,"date":"2024-11-02T19:21:26","date_gmt":"2024-11-02T19:21:26","guid":{"rendered":"https:\/\/punaimepare.com\/?page_id=304"},"modified":"2025-04-11T17:57:13","modified_gmt":"2025-04-11T17:57:13","slug":"puna-ime-e-pare","status":"publish","type":"page","link":"https:\/\/punaimepare.com\/sr\/puna-ime-e-pare\/","title":{"rendered":"Moj prvi posao"},"content":{"rendered":"<section class=\"section\" id=\"section_943272765\">\n\t\t<div class=\"section-bg fill\" >\n\t\t\t\t\t\t\t\t\t\n\t\t\t\n\n\t\t<\/div>\n\n\t\t\n\n\t\t<div class=\"section-content relative\">\n\t\t\t\n\t<div id=\"gap-1757641752\" class=\"gap-element clearfix\" style=\"display:block; height:auto;\">\n\t\t\n<style>\n#gap-1757641752 {\n  padding-top: 30px;\n}\n<\/style>\n\t<\/div>\n\t\n<div class=\"row row-large align-middle align-center\"  id=\"row-2060333875\">\n\n\t<div id=\"col-880339484\" class=\"col medium-5 small-12 large-5\"  >\n\t\t\t\t<div class=\"col-inner\"  >\n\t\t\t\n\t\t\t\n<h2 class=\"thin-font translation-block\">Poziv za prijavu  <strong> Moj prvi posao<\/strong><\/h2>\n<p>Organizacija \u201eVoice of Roma, Ashkali and Egyptian\u201c otvorila je poziv za prijavu za program \u201eMoj prvi posao\u201c za tre\u0107u generaciju 2025. godine. Ovaj program je odli\u010dna prilika za \u010dlanove romske, a\u0161kalijske i egip\u0107anske zajednice, uzrasta od 18 do 34 godine, koji su u potrazi za svojim prvim poslom.<\/p>\n<p>Cilj programa je da podstakne osna\u017eivanje mladih iz romske, a\u0161kalijske i egip\u0107anske zajednice za zapo\u0161ljavanje i da pru\u017ei podr\u0161ku ekonomiji u re\u0161avanju problema nedostatka radne snage.<\/p>\n<p>Kroz ovaj program \u017eelimo mladima da pru\u017eimo priliku da ih tokom prakti\u010dnog rada asistiraju mentori i osoblje kompanije, da unaprede svoje profesionalne ve\u0161tine kroz obuku na radnom mestu i da se upoznaju sa kompanijom i njenim pravilima u trajanju od \u0161est (6) meseci.<\/p>\n\t\t<\/div>\n\t\t\t\t\t<\/div>\n\n\t\n\n\t<div id=\"col-2086709208\" class=\"col medium-7 small-12 large-7\"  >\n\t\t\t\t<div class=\"col-inner\" style=\"background-color:rgb(255,255,255);\" >\n\t\t\t\n\t\t\t\n<div class=\"slider-wrapper relative\" id=\"slider-972479299\" >\n    <div class=\"slider slider-nav-circle slider-nav-normal slider-nav-dark slider-style-normal slider-show-nav\"\n        data-flickity-options='{            \"cellAlign\": \"center\",            \"imagesLoaded\": true,            \"lazyLoad\": 1,            \"freeScroll\": false,            \"wrapAround\": true,            \"autoPlay\": 6000,            \"pauseAutoPlayOnHover\" : true,            \"prevNextButtons\": true,            \"contain\" : true,            \"adaptiveHeight\" : true,            \"dragThreshold\" : 10,            \"percentPosition\": true,            \"pageDots\": true,            \"rightToLeft\": false,            \"draggable\": true,            \"selectedAttraction\": 0.1,            \"parallax\" : 0,            \"friction\": 0.6        }'\n        >\n        \n\n  <div class=\"banner has-hover\" id=\"banner-1206075442\">\n          <div class=\"banner-inner fill\">\n        <div class=\"banner-bg fill\" >\n                                                \n                    <\/div>\n\t\t\n        <div class=\"banner-layers container\">\n            <div class=\"fill banner-link\"><\/div>            \n   <div id=\"text-box-1386497965\" class=\"text-box banner-layer x50 md-x50 lg-x50 y50 md-y50 lg-y50 res-text\">\n                                <div class=\"text-box-content text\">\n              \n              <div class=\"text-inner text-center\">\n                  \n  <div class=\"icon-box testimonial-box icon-box-center text-center is-large\">\n                <div class=\"icon-box-img testimonial-image circle\" style=\"width: 142px\">\n              <img loading=\"lazy\" decoding=\"async\" width=\"150\" height=\"150\" src=\"https:\/\/punaimepare.com\/wp-content\/uploads\/2025\/01\/Jetmir-Fazlijaj-150x150.jpg\" class=\"attachment-thumbnail size-thumbnail\" alt=\"\" \/>        <\/div>\n                <div class=\"icon-box-text p-last-0\">\n          <div class=\"star-rating\" role=\"img\" aria-label=\"Rated 5 out of 5\"><span style=\"width:100%\"><strong class=\"rating\"><\/strong><\/span><\/div>  \t\t\t\t<div class=\"testimonial-text line-height-small italic test_text first-reset last-reset is-italic\">\n            \n<p>Jetmir Fazlijaj, diplomirani student sa Fakulteta te medicinskih nauka Univerziteta u Pri\u0161tini, prati obe\u0107avaju\u0107i put u op\u0161toj medicini. Nakon uspe\u0161nog zavr\u0161etka studija, Jetmir je ve\u0107 zapo\u010deo svoju prakti\u010dnu obuku u Centru porodi\u010dne medicine (QMF) u Vitomirici. Ova posve\u0107enost predstavlja va\u017ean korak za njega, kako u profesionalnom tako i u slu\u017ebi zajednice, gde primenjuje znanje i ve\u0161tine ste\u010dene tokom svojih studija. Tokom svog boravka na Fakultetu medicinskih nauka, Jetmir je pokazao nepokolebljivu posve\u0107enost profesiji, prevazilaze\u0107i brojne akademske i prakti\u010dne izazove koji su oblikovali temelj njegovog budu\u0107eg uspeha kao lekara. Trenutno, rad u QMF-Vitomirici omogu\u0107ava mu bolje razumevanje izazova u zdravstvenoj za\u0161titi na terenu, direktno poma\u017eu\u0107i pacijentima i zajednici.<\/p>\n          <\/div>\n          <div class=\"testimonial-meta pt-half\">\n             <strong class=\"testimonial-name test_name\">Jetmir Fazlijaj<\/strong>\n             <span class=\"testimonial-name-divider\"> \/ <\/span>             <span class=\"testimonial-company test_company\">QKMF - Vitomiric\u00eb<\/span>\n          <\/div>\n        <\/div>\n  <\/div>\n\n  \n              <\/div>\n           <\/div>\n                            \n<style>\n#text-box-1386497965 {\n  width: 100%;\n}\n#text-box-1386497965 .text-box-content {\n  font-size: 100%;\n}\n@media (min-width:550px) {\n  #text-box-1386497965 {\n    width: 78%;\n  }\n}\n<\/style>\n    <\/div>\n \n        <\/div>\n      <\/div>\n\n            \n<style>\n#banner-1206075442 {\n  padding-top: 500px;\n  background-color: rgba(0, 0, 0, 0);\n}\n#banner-1206075442 .banner-bg img {\n  object-position: 79% 68%;\n}\n<\/style>\n  <\/div>\n\n\n\n  <div class=\"banner has-hover\" id=\"banner-473434123\">\n          <div class=\"banner-inner fill\">\n        <div class=\"banner-bg fill\" >\n                                                \n                    <\/div>\n\t\t\n        <div class=\"banner-layers container\">\n            <div class=\"fill banner-link\"><\/div>            \n   <div id=\"text-box-710910414\" class=\"text-box banner-layer x50 md-x50 lg-x50 y50 md-y50 lg-y50 res-text\">\n                                <div class=\"text-box-content text\">\n              \n              <div class=\"text-inner text-center\">\n                  \n  <div class=\"icon-box testimonial-box icon-box-center text-center is-large\">\n                <div class=\"icon-box-img testimonial-image circle\" style=\"width: 142px\">\n              <img loading=\"lazy\" decoding=\"async\" width=\"150\" height=\"150\" src=\"https:\/\/punaimepare.com\/wp-content\/uploads\/2025\/01\/0001-150x150.jpg\" class=\"attachment-thumbnail size-thumbnail\" alt=\"\" \/>        <\/div>\n                <div class=\"icon-box-text p-last-0\">\n          <div class=\"star-rating\" role=\"img\" aria-label=\"Rated 5 out of 5\"><span style=\"width:100%\"><strong class=\"rating\"><\/strong><\/span><\/div>  \t\t\t\t<div class=\"testimonial-text line-height-small italic test_text first-reset last-reset is-italic\">\n            \n<p>Aida, op\u0161ta medicinska sestra anga\u017eovana u \"Avicena\" u Mitrovici, prolazi kroz intenzivan i plodan period prakti\u010dnog rada. Tokom ovog vremena, ona je pokazala posve\u0107enost i visok nivo kompetencije, postaju\u0107i va\u017ean \u010dlan tima profesionalaca u ovom centru. Zahvaljuju\u0107i njenoj svakodnevnoj posve\u0107enosti, Aida je ne samo obogatila svoje profesionalne ve\u0161tine, ve\u0107 i do\u017eivela pozitivnu i posebnu emociju kroz svoje prakti\u010dno iskustvo. Kao osoba posve\u0107ena pru\u017eanju visokokvalitetne nege pacijentima, ona je uvek spremna da pomogne i unapredi se. Praksa u \"Avicena\" omogu\u0107ila je Aidi da primeni znanje ste\u010deno tokom studija, \u010dine\u0107i je da se ose\u0107a ispunjeno pozitivnom energijom i sigurno na svom putu u oblasti medicine.<\/p>\n          <\/div>\n          <div class=\"testimonial-meta pt-half\">\n             <strong class=\"testimonial-name test_name\">Aida Krasniqi<\/strong>\n             <span class=\"testimonial-name-divider\"> \/ <\/span>             <span class=\"testimonial-company test_company\">Avicena<\/span>\n          <\/div>\n        <\/div>\n  <\/div>\n\n  \n              <\/div>\n           <\/div>\n                            \n<style>\n#text-box-710910414 {\n  width: 100%;\n}\n#text-box-710910414 .text-box-content {\n  font-size: 100%;\n}\n@media (min-width:550px) {\n  #text-box-710910414 {\n    width: 78%;\n  }\n}\n<\/style>\n    <\/div>\n \n        <\/div>\n      <\/div>\n\n            \n<style>\n#banner-473434123 {\n  padding-top: 500px;\n  background-color: rgba(0, 0, 0, 0);\n}\n#banner-473434123 .banner-bg img {\n  object-position: 79% 68%;\n}\n<\/style>\n  <\/div>\n\n\n\n  <div class=\"banner has-hover\" id=\"banner-2116935914\">\n          <div class=\"banner-inner fill\">\n        <div class=\"banner-bg fill\" >\n                                                \n                    <\/div>\n\t\t\n        <div class=\"banner-layers container\">\n            <div class=\"fill banner-link\"><\/div>            \n   <div id=\"text-box-872770226\" class=\"text-box banner-layer x50 md-x50 lg-x50 y50 md-y50 lg-y50 res-text\">\n                                <div class=\"text-box-content text\">\n              \n              <div class=\"text-inner text-center\">\n                  \n  <div class=\"icon-box testimonial-box icon-box-center text-center is-large\">\n                <div class=\"icon-box-img testimonial-image circle\" style=\"width: 142px\">\n              <img loading=\"lazy\" decoding=\"async\" width=\"150\" height=\"150\" src=\"https:\/\/punaimepare.com\/wp-content\/uploads\/2025\/01\/02020-150x150.jpg\" class=\"attachment-thumbnail size-thumbnail\" alt=\"\" \/>        <\/div>\n                <div class=\"icon-box-text p-last-0\">\n          <div class=\"star-rating\" role=\"img\" aria-label=\"Rated 5 out of 5\"><span style=\"width:100%\"><strong class=\"rating\"><\/strong><\/span><\/div>  \t\t\t\t<div class=\"testimonial-text line-height-small italic test_text first-reset last-reset is-italic\">\n            \n<p>Mirlinda Bytyqi, talentovana studentkinja iz SHML \"Hysni Zajmi\", trenutno prolazi kroz dragoceno prakti\u010dno iskustvo u laboratoriji \"Avicena\" u Gjakovi. Nakon zavr\u0161etka \u0161kolovanja, odlu\u010dila je da izabere ovaj laboratorijum kao idealno mesto za razvoj svojih profesionalnih ve\u0161tina i primenu znanja ste\u010denog tokom studija. Tokom ovog prakti\u010dnog perioda, Mirlinda ima priliku da radi sa najnovijim tehnologijama i da se upozna sa naprednim laboratorijskim procedurama. Ovo iskustvo joj pru\u017ea duboku perspektivu o tome kako funkcioni\u0161e savremeni laboratorijum i zna\u010daju njegove uloge u zdravstvenoj za\u0161titi. Mirlinda je posve\u0107ena u\u010denju \u0161to vi\u0161e od svojih kolega i doprinosu timu laboratorije. Ona smatra da je rad u \"Avicena\" odli\u010dna prilika za pro\u0161irenje svog znanja i razvoj prakti\u010dnih ve\u0161tina. Pored profesionalnog aspekta, Mirlinda u\u017eiva i u mogu\u0107nosti da deli iskustva i gradi nove odnose sa drugim profesionalcima u svojoj oblasti. Sa pozitivnim stavom i sna\u017enom \u017eeljom da se razvija, Mirlinda Bytyqi je na pravom putu da izgradi uspe\u0161nu karijeru u medicini. Njen rad u laboratoriji \"Avicena\" u Gjakovi bi\u0107e \u010dvrsta osnova za njenu budu\u0107u profesionalnu karijeru.<\/p>\n          <\/div>\n          <div class=\"testimonial-meta pt-half\">\n             <strong class=\"testimonial-name test_name\">Mirlinda Bytyqi<\/strong>\n             <span class=\"testimonial-name-divider\"> \/ <\/span>             <span class=\"testimonial-company test_company\">Avicena<\/span>\n          <\/div>\n        <\/div>\n  <\/div>\n\n  \n              <\/div>\n           <\/div>\n                            \n<style>\n#text-box-872770226 {\n  width: 100%;\n}\n#text-box-872770226 .text-box-content {\n  font-size: 100%;\n}\n@media (min-width:550px) {\n  #text-box-872770226 {\n    width: 78%;\n  }\n}\n<\/style>\n    <\/div>\n \n        <\/div>\n      <\/div>\n\n            \n<style>\n#banner-2116935914 {\n  padding-top: 657px;\n  background-color: rgba(0, 0, 0, 0);\n}\n#banner-2116935914 .banner-bg img {\n  object-position: 79% 68%;\n}\n@media (min-width:550px) {\n  #banner-2116935914 {\n    padding-top: 600px;\n  }\n}\n<\/style>\n  <\/div>\n\n\n\n  <div class=\"banner has-hover\" id=\"banner-701712490\">\n          <div class=\"banner-inner fill\">\n        <div class=\"banner-bg fill\" >\n                                                \n                    <\/div>\n\t\t\n        <div class=\"banner-layers container\">\n            <div class=\"fill banner-link\"><\/div>            \n   <div id=\"text-box-2125097108\" class=\"text-box banner-layer x50 md-x50 lg-x50 y50 md-y50 lg-y50 res-text\">\n                                <div class=\"text-box-content text\">\n              \n              <div class=\"text-inner text-center\">\n                  \n  <div class=\"icon-box testimonial-box icon-box-center text-center is-large\">\n                <div class=\"icon-box-img testimonial-image circle\" style=\"width: 142px\">\n              <img loading=\"lazy\" decoding=\"async\" width=\"150\" height=\"150\" src=\"https:\/\/punaimepare.com\/wp-content\/uploads\/2025\/01\/adri-150x150.jpg\" class=\"attachment-thumbnail size-thumbnail\" alt=\"\" \/>        <\/div>\n                <div class=\"icon-box-text p-last-0\">\n          <div class=\"star-rating\" role=\"img\" aria-label=\"Rated 5 out of 5\"><span style=\"width:100%\"><strong class=\"rating\"><\/strong><\/span><\/div>  \t\t\t\t<div class=\"testimonial-text line-height-small italic test_text first-reset last-reset is-italic\">\n            \n<p>Talentovani pripravnik koji razvija svoje iskustvo kao medicinski laboratorijski tehni\u010dar u kompaniji Xiri Shabanaj u Gjakovi. Ima duboku strast prema medicini i posve\u0107en je u\u010denju i doprinosu u pru\u017eanju usluga visokokvalitetne zdravstvene za\u0161tite. Tokom svoje prakse, Adriatik je imao priliku da radi u profesionalnom okru\u017eenju, gde je primenio svoje teorijsko znanje u prakti\u010dne situacije. Poznat je po svojim analiti\u010dkim ve\u0161tinama i pa\u017enji prema detaljima, \u0161to je klju\u010dno za medicinskog laboratorijskog tehni\u010dara. Adriatik je sklon razvijanju dobrih odnosa sa kolegama, stvaraju\u0107i atmosferu saradnje i podr\u0161ke. Dobio je savete i uputstva od svojih mentora, koji su doprineli razvoju njegovih profesionalnih ve\u0161tina i dubljem razumevanju laboratorijskih procesa. Veruje da je praksa va\u017ean korak u njegovoj karijeri i da je svako iskustvo prilika da nau\u010di i pobolj\u0161a sebe. Adriatik je motivisan da nastavi svoj razvoj u oblasti medicine i nada se da \u0107e doprineti unapre\u0111enju zdravstvenih usluga u budu\u0107nosti. Zaklju\u010dno, Adriatik Dana je izvanredan pripravnik u Xiri Shabanaj, koji pokazuje da sa posve\u0107eno\u0161\u0107u i stra\u0161\u0107u svaki cilj mo\u017ee biti postignut. On je inspirativan primer za mlade ljude koji prate svoje snove u oblasti medicine.<\/p>\n          <\/div>\n          <div class=\"testimonial-meta pt-half\">\n             <strong class=\"testimonial-name test_name\">Adriatik Dana<\/strong>\n             <span class=\"testimonial-name-divider\"> \/ <\/span>             <span class=\"testimonial-company test_company\">Xiri Shabanaj<\/span>\n          <\/div>\n        <\/div>\n  <\/div>\n\n  \n              <\/div>\n           <\/div>\n                            \n<style>\n#text-box-2125097108 {\n  width: 100%;\n}\n#text-box-2125097108 .text-box-content {\n  font-size: 100%;\n}\n@media (min-width:550px) {\n  #text-box-2125097108 {\n    width: 78%;\n  }\n}\n<\/style>\n    <\/div>\n \n        <\/div>\n      <\/div>\n\n            \n<style>\n#banner-701712490 {\n  padding-top: 657px;\n  background-color: rgba(0, 0, 0, 0);\n}\n#banner-701712490 .banner-bg img {\n  object-position: 79% 68%;\n}\n@media (min-width:550px) {\n  #banner-701712490 {\n    padding-top: 600px;\n  }\n}\n<\/style>\n  <\/div>\n\n\n     <\/div>\n\n     <div class=\"loading-spin dark large centered\"><\/div>\n\n\t<\/div>\n\n\n\t\t<\/div>\n\t\t\t\t\n<style>\n#col-2086709208 > .col-inner {\n  border-radius: 9px;\n}\n<\/style>\n\t<\/div>\n\n\t\n<\/div>\n\t\t<\/div>\n\n\t\t\n<style>\n#section_943272765 {\n  padding-top: 50px;\n  padding-bottom: 50px;\n}\n<\/style>\n\t<\/section>\n\t\n\n\t<section class=\"section\" id=\"section_1255010350\">\n\t\t<div class=\"section-bg fill\" >\n\t\t\t\t\t\t\t\t\t\n\t\t\t\n\n\t\t<\/div>\n\n\t\t\n\n\t\t<div class=\"section-content relative\">\n\t\t\t\n\t<div id=\"gap-1892210047\" class=\"gap-element clearfix\" style=\"display:block; height:auto;\">\n\t\t\n<style>\n#gap-1892210047 {\n  padding-top: 30px;\n}\n<\/style>\n\t<\/div>\n\t\n<div class=\"row align-middle align-center\"  id=\"row-2021082256\">\n\n\t<div id=\"col-1099114952\" class=\"col medium-6 small-12 large-6\"  >\n\t\t\t\t<div class=\"col-inner\"  >\n\t\t\t\n\t\t\t\n<h2>Naj\u010de\u0161\u0107a Pitanja<\/h2>\n\t\t<\/div>\n\t\t\t\t\t<\/div>\n\n\t\n\n\t<div id=\"col-2025394845\" class=\"col medium-6 small-12 large-6\"  >\n\t\t\t\t<div class=\"col-inner\"  >\n\t\t\t\n\t\t\t\n<div class=\"accordion\">\n\t<div id=\"accordion-1008933627\" class=\"accordion-item\">\n\t\t<a id=\"accordion-1008933627-label\" class=\"accordion-title plain\" href=\"#accordion-item-\u00c7far\u00eb-\u00ebsht\u00eb-programi-puna-ime-e-par\u00eb\" aria-expanded=\"false\" aria-controls=\"accordion-1008933627-content\">\n\t\t\t<button class=\"toggle\" aria-label=\"Toggle\"><i class=\"icon-angle-down\" aria-hidden=\"true\"><\/i><\/button>\n\t\t\t<span>\u0160ta je program \"Moj Prvi Posao\"?<\/span>\n\t\t<\/a>\n\t\t<div id=\"accordion-1008933627-content\" class=\"accordion-inner\" aria-labelledby=\"accordion-1008933627-label\">\n\t\t\t\n<p>Program \"Moj Prvi Posao\" je pla\u0107eni program prakse za mlade iz romskih, ashkali i egipatskih zajednica. Kroz ovaj program, cilj je da se pru\u017ee mogu\u0107nosti za razvoj prakti\u010dnih ve\u0161tina i izgradnju veza sa tr\u017ei\u0161tem rada, poma\u017eu\u0107i im da se lak\u0161e integri\u0161u u profesionalno okru\u017eenje.<\/p>\n\t\t<\/div>\n\t<\/div>\n\t\n\t<div id=\"accordion-3860377234\" class=\"accordion-item\">\n\t\t<a id=\"accordion-3860377234-label\" class=\"accordion-title plain\" href=\"#accordion-item-kush-mund-t\u00eb-aplikoj\u00eb-p\u00ebr-k\u00ebt\u00eb-program?\" aria-expanded=\"false\" aria-controls=\"accordion-3860377234-content\">\n\t\t\t<button class=\"toggle\" aria-label=\"Toggle\"><i class=\"icon-angle-down\" aria-hidden=\"true\"><\/i><\/button>\n\t\t\t<span>Ko mo\u017ee da se prijavi za ovaj program?<\/span>\n\t\t<\/a>\n\t\t<div id=\"accordion-3860377234-content\" class=\"accordion-inner\" aria-labelledby=\"accordion-3860377234-label\">\n\t\t\t\n<p>Za ovaj program mogu da se prijave samo \u010dlanovi romskih, ashkali i egipatskih zajednica koji \u017eive u Republici Kosovo.<\/p>\n\t\t<\/div>\n\t<\/div>\n\t\n\t<div id=\"accordion-1996658169\" class=\"accordion-item\">\n\t\t<a id=\"accordion-1996658169-label\" class=\"accordion-title plain\" href=\"#accordion-item-a-mund-t\u00eb-aplikoj\u00eb-dy-her\u00eb-n\u00eb-k\u00ebt\u00eb-program\" aria-expanded=\"false\" aria-controls=\"accordion-1996658169-content\">\n\t\t\t<button class=\"toggle\" aria-label=\"Toggle\"><i class=\"icon-angle-down\" aria-hidden=\"true\"><\/i><\/button>\n\t\t\t<span>Da li mogu da se prijavim na ovaj program dva puta?<\/span>\n\t\t<\/a>\n\t\t<div id=\"accordion-1996658169-content\" class=\"accordion-inner\" aria-labelledby=\"accordion-1996658169-label\">\n\t\t\t\n<p>Ne! Od ovog programa mo\u017eete imati koristi samo jednom.<\/p>\n\t\t<\/div>\n\t<\/div>\n\t\n\t<div id=\"accordion-817264354\" class=\"accordion-item\">\n\t\t<a id=\"accordion-817264354-label\" class=\"accordion-title plain\" href=\"#accordion-item-a-ka-ndonj\u00eb-kufizim-moshe-p\u00ebr-aplikim?\" aria-expanded=\"false\" aria-controls=\"accordion-817264354-content\">\n\t\t\t<button class=\"toggle\" aria-label=\"Toggle\"><i class=\"icon-angle-down\" aria-hidden=\"true\"><\/i><\/button>\n\t\t\t<span>Postoji li neki starosni limit za prijavu?<\/span>\n\t\t<\/a>\n\t\t<div id=\"accordion-817264354-content\" class=\"accordion-inner\" aria-labelledby=\"accordion-817264354-label\">\n\t\t\t\n<p>Starosna granica za prijavu na ovaj program je od 18 do 34 godine.<\/p>\n\t\t<\/div>\n\t<\/div>\n\t\n\t<div id=\"accordion-1608924600\" class=\"accordion-item\">\n\t\t<a id=\"accordion-1608924600-label\" class=\"accordion-title plain\" href=\"#accordion-item-cilat-jan\u00eb-kualifikimet-e-k\u00ebrkuara-p\u00ebr-t\u00eb-marr\u00eb-pjes\u00eb?\" aria-expanded=\"false\" aria-controls=\"accordion-1608924600-content\">\n\t\t\t<button class=\"toggle\" aria-label=\"Toggle\"><i class=\"icon-angle-down\" aria-hidden=\"true\"><\/i><\/button>\n\t\t\t<span>Koje su potrebne kvalifikacije za u\u010de\u0161\u0107e?<\/span>\n\t\t<\/a>\n\t\t<div id=\"accordion-1608924600-content\" class=\"accordion-inner\" aria-labelledby=\"accordion-1608924600-label\">\n\t\t\t\n<p>a) Mora imati zavr\u0161eno osnovno, srednje i univerzitetsko obrazovanje,<br \/>b) Ne sme biti korisnik prakti\u010dnog rada u prethodnim godinama,<br \/>c) Ne sme biti korisnik socijalne \u0161eme.<\/p>\n\t\t<\/div>\n\t<\/div>\n\t\n\t<div id=\"accordion-3145897298\" class=\"accordion-item\">\n\t\t<a id=\"accordion-3145897298-label\" class=\"accordion-title plain\" href=\"#accordion-item-si-mund-t\u00eb-aplikoj-p\u00ebr-k\u00ebt\u00eb-program?\" aria-expanded=\"false\" aria-controls=\"accordion-3145897298-content\">\n\t\t\t<button class=\"toggle\" aria-label=\"Toggle\"><i class=\"icon-angle-down\" aria-hidden=\"true\"><\/i><\/button>\n\t\t\t<span>Ko mo\u017ee da se prijavi za ovaj program?<\/span>\n\t\t<\/a>\n\t\t<div id=\"accordion-3145897298-content\" class=\"accordion-inner\" aria-labelledby=\"accordion-3145897298-label\">\n\t\t\t\n<p>Za ovaj program mo\u017eete se prijaviti putem ovog linka.<\/p>\n\t\t<\/div>\n\t<\/div>\n\t\n\t<div id=\"accordion-1599212485\" class=\"accordion-item\">\n\t\t<a id=\"accordion-1599212485-label\" class=\"accordion-title plain\" href=\"#accordion-item-\u00c7far\u00eb-dokumentesh-k\u00ebrkohen-p\u00ebr-aplikim?\" aria-expanded=\"false\" aria-controls=\"accordion-1599212485-content\">\n\t\t\t<button class=\"toggle\" aria-label=\"Toggle\"><i class=\"icon-angle-down\" aria-hidden=\"true\"><\/i><\/button>\n\t\t\t<span>Koji dokumenti su potrebni za prijavu?<\/span>\n\t\t<\/a>\n\t\t<div id=\"accordion-1599212485-content\" class=\"accordion-inner\" aria-labelledby=\"accordion-1599212485-label\">\n\t\t\t\n<p>Kada ispunite kriterijume prve faze, bi\u0107ete pozvani na intervju. Ako pro\u0111ete intervju, u drugoj fazi bi\u0107e potrebni dodatni dokumenti, koji moraju biti dostavljeni u roku od 3 dana od dana obave\u0161tenja. Potrebni dokumenti su slede\u0107i:\n\n1.Li\u010dna karta\n\n2.Kopija banke kartice na va\u0161e ime<\/p>\n<ol>\n<li>Let\u00ebrnjoftimin<\/li>\n<li>Kopjen e karteles bankare n\u00eb em\u00ebrin tuaj personal<\/li>\n<\/ol>\n\t\t<\/div>\n\t<\/div>\n\t\n<\/div>\n\t\t<\/div>\n\t\t\t\t\t<\/div>\n\n\t\n<\/div>\n\t\t<\/div>\n\n\t\t\n<style>\n#section_1255010350 {\n  padding-top: 30px;\n  padding-bottom: 30px;\n  background-color: rgba(56, 56, 56, 0.041);\n}\n<\/style>\n\t<\/section>\n\t\n\n\t<section class=\"section\" id=\"section_185944783\">\n\t\t<div class=\"section-bg fill\" >\n\t\t\t\t\t\t\t\t\t\n\t\t\t\n\n\t\t<\/div>\n\n\t\t\n\n\t\t<div class=\"section-content relative\">\n\t\t\t\n<div class=\"row align-middle\"  id=\"row-497483863\">\n\n\t<div id=\"col-1657758266\" class=\"col medium-6 small-12 large-6\"  >\n\t\t\t\t<div class=\"col-inner\"  >\n\t\t\t\n\t\t\t\n<p class=\"lead translation-block\">Zahvalnost za podr\u0161ku programu <br><strong>\"Moj Prvi Posao\"<\/strong><\/p>\n<p>Izra\u017eavamo na\u0161u najdublju zahvalnost za va\u0161 dragoceni doprinos u podr\u0161ci programu \u201eMoj Prvi Posao\u201c. Va\u0161a posve\u0107enost omogu\u0107ila je stvaranje konkretnih prilika za mlade, opremaju\u0107i ih prakti\u010dnim ve\u0161tinama i vrednim profesionalnim iskustvom.<\/p>\n<p>Va\u0161a posve\u0107enost razvoju radne snage budu\u0107nosti je izuzetan primer dru\u0161tvene odgovornosti i ulaganja u budu\u0107nost zajednice.<\/p>\n<p>Hvala vam na saradnji i poverenju u ovu inicijativu. Zajedno, gradimo \u010dvrstu osnovu za uspeh na\u0161e mladosti.<\/p>\n\t\t<\/div>\n\t\t\t\t\t<\/div>\n\n\t\n\n\t<div id=\"col-320967362\" class=\"col medium-6 small-12 large-6\"  >\n\t\t\t\t<div class=\"col-inner\"  >\n\t\t\t\n\t\t\t\n\t<div class=\"img has-hover x md-x lg-x y md-y lg-y\" id=\"image_1138907969\">\n\t\t\t\t\t\t\t\t<div class=\"img-inner dark\" >\n\t\t\t<img loading=\"lazy\" decoding=\"async\" width=\"900\" height=\"600\" src=\"https:\/\/punaimepare.com\/wp-content\/uploads\/2024\/12\/Untitled-design-1.png\" class=\"attachment-large size-large\" alt=\"\" srcset=\"https:\/\/punaimepare.com\/wp-content\/uploads\/2024\/12\/Untitled-design-1.png 900w, https:\/\/punaimepare.com\/wp-content\/uploads\/2024\/12\/Untitled-design-1-300x200.png 300w, https:\/\/punaimepare.com\/wp-content\/uploads\/2024\/12\/Untitled-design-1-768x512.png 768w, https:\/\/punaimepare.com\/wp-content\/uploads\/2024\/12\/Untitled-design-1-18x12.png 18w\" sizes=\"auto, (max-width: 900px) 100vw, 900px\" \/>\t\t\t\t\t\t\n\t\t\t\t\t<\/div>\n\t\t\t\t\t\t\t\t\n<style>\n#image_1138907969 {\n  width: 100%;\n}\n<\/style>\n\t<\/div>\n\t\n\t\t<\/div>\n\t\t\t\t\t<\/div>\n\n\t\n<\/div>\n\t\t<\/div>\n\n\t\t\n<style>\n#section_185944783 {\n  padding-top: 30px;\n  padding-bottom: 30px;\n}\n<\/style>\n\t<\/section>","protected":false},"excerpt":{"rendered":"","protected":false},"author":1,"featured_media":0,"parent":0,"menu_order":0,"comment_status":"closed","ping_status":"closed","template":"page-blank.php","meta":{"footnotes":""},"class_list":["post-304","page","type-page","status-publish","hentry"],"_links":{"self":[{"href":"https:\/\/punaimepare.com\/sr\/wp-json\/wp\/v2\/pages\/304","targetHints":{"allow":["GET"]}}],"collection":[{"href":"https:\/\/punaimepare.com\/sr\/wp-json\/wp\/v2\/pages"}],"about":[{"href":"https:\/\/punaimepare.com\/sr\/wp-json\/wp\/v2\/types\/page"}],"author":[{"embeddable":true,"href":"https:\/\/punaimepare.com\/sr\/wp-json\/wp\/v2\/users\/1"}],"replies":[{"embeddable":true,"href":"https:\/\/punaimepare.com\/sr\/wp-json\/wp\/v2\/comments?post=304"}],"version-history":[{"count":32,"href":"https:\/\/punaimepare.com\/sr\/wp-json\/wp\/v2\/pages\/304\/revisions"}],"predecessor-version":[{"id":801,"href":"https:\/\/punaimepare.com\/sr\/wp-json\/wp\/v2\/pages\/304\/revisions\/801"}],"wp:attachment":[{"href":"https:\/\/punaimepare.com\/sr\/wp-json\/wp\/v2\/media?parent=304"}],"curies":[{"name":"wp","href":"https:\/\/api.w.org\/{rel}","templated":true}]}}