{"id":103,"date":"2024-09-29T16:57:22","date_gmt":"2024-09-29T16:57:22","guid":{"rendered":"https:\/\/punaimepare.com\/?page_id=103"},"modified":"2025-04-11T17:51:41","modified_gmt":"2025-04-11T17:51:41","slug":"punedhenes","status":"publish","type":"page","link":"https:\/\/punaimepare.com\/sr\/punedhenes\/","title":{"rendered":"Poslodavci"},"content":{"rendered":"<section class=\"section\" id=\"section_2096486760\">\n\t\t<div class=\"section-bg fill\" >\n\t\t\t\t\t\t\t\t\t<div class=\"section-bg-overlay absolute fill\"><\/div>\n\t\t\t\n\n\t\t<\/div>\n\n\t\t\n\n\t\t<div class=\"section-content relative\">\n\t\t\t\n<div class=\"row align-center\"  id=\"row-1599414219\">\n\n\t<div id=\"col-1551620866\" class=\"col medium-7 small-12 large-7\"  >\n\t\t\t\t<div class=\"col-inner\"  >\n\t\t\t\n\t\t\t\n\t<div id=\"text-3623722759\" class=\"text\">\n\t\t\n<h2>POSTANI DEO PLATFORME, MOJ PRVI POSAO<\/h2>\n\t\t\n<style>\n#text-3623722759 {\n  text-align: center;\n}\n<\/style>\n\t<\/div>\n\t\n\t\t<\/div>\n\t\t\t\t\t<\/div>\n\n\t\n<\/div>\n<div class=\"row align-equal\"  id=\"row-1848257327\">\n\n\t<div id=\"col-1183761129\" class=\"col medium-3 small-12 large-3\"  >\n\t\t\t\t<div class=\"col-inner\" style=\"background-color:#b8bd77;\" >\n\t\t\t\n\t\t\t\n\t<div id=\"gap-1007909598\" class=\"gap-element clearfix\" style=\"display:block; height:auto;\">\n\t\t\n<style>\n#gap-1007909598 {\n  padding-top: 30px;\n}\n<\/style>\n\t<\/div>\n\t\n\n\t<a class=\"plain\" href=\"#01\" >\t<div class=\"icon-box featured-box icon-box-center text-center\"  >\n\t\t\t\t\t<div class=\"icon-box-img\" style=\"width: 60px\">\n\t\t\t\t<div class=\"icon\">\n\t\t\t\t\t<div class=\"icon-inner\" >\n\t\t\t\t\t\t<img loading=\"lazy\" decoding=\"async\" width=\"300\" height=\"300\" src=\"https:\/\/punaimepare.com\/wp-content\/uploads\/2025\/03\/bar-chart-300x300.png\" class=\"attachment-medium size-medium\" alt=\"\" srcset=\"https:\/\/punaimepare.com\/wp-content\/uploads\/2025\/03\/bar-chart-300x300.png 300w, https:\/\/punaimepare.com\/wp-content\/uploads\/2025\/03\/bar-chart-150x150.png 150w, https:\/\/punaimepare.com\/wp-content\/uploads\/2025\/03\/bar-chart-12x12.png 12w, https:\/\/punaimepare.com\/wp-content\/uploads\/2025\/03\/bar-chart.png 512w\" sizes=\"auto, (max-width: 300px) 100vw, 300px\" \/>\t\t\t\t\t<\/div>\n\t\t\t\t<\/div>\n\t\t\t<\/div>\n\t\t\t\t<div class=\"icon-box-text last-reset\">\n\t\t\t\t\t\t\t\t\t\n<h3>Prednosti za kompanije\/poslovanja<\/h3>\n\t<div id=\"gap-1292125198\" class=\"gap-element clearfix\" style=\"display:block; height:auto;\">\n\t\t\n<style>\n#gap-1292125198 {\n  padding-top: 50px;\n}\n<\/style>\n\t<\/div>\n\t\n\t\t<\/div>\n\t<\/div>\n\t<\/a>\n\t\n\t\t<\/div>\n\t\t\t\t\n<style>\n#col-1183761129 > .col-inner {\n  padding: 30px 30px 0px 30px;\n  border-radius: 10px;\n}\n<\/style>\n\t<\/div>\n\n\t\n\n\t<div id=\"col-2078393542\" class=\"col medium-3 small-12 large-3\"  >\n\t\t\t\t<div class=\"col-inner\" style=\"background-color:#e5cb7d;\" >\n\t\t\t\n\t\t\t\n\t<div id=\"gap-1284687315\" class=\"gap-element clearfix\" style=\"display:block; height:auto;\">\n\t\t\n<style>\n#gap-1284687315 {\n  padding-top: 30px;\n}\n<\/style>\n\t<\/div>\n\t\n\n\t<a class=\"plain\" href=\"#02\" >\t<div class=\"icon-box featured-box icon-box-center text-center\"  >\n\t\t\t\t\t<div class=\"icon-box-img\" style=\"width: 60px\">\n\t\t\t\t<div class=\"icon\">\n\t\t\t\t\t<div class=\"icon-inner\" >\n\t\t\t\t\t\t<img loading=\"lazy\" decoding=\"async\" width=\"300\" height=\"300\" src=\"https:\/\/punaimepare.com\/wp-content\/uploads\/2025\/03\/target-300x300.png\" class=\"attachment-medium size-medium\" alt=\"\" srcset=\"https:\/\/punaimepare.com\/wp-content\/uploads\/2025\/03\/target-300x300.png 300w, https:\/\/punaimepare.com\/wp-content\/uploads\/2025\/03\/target-150x150.png 150w, https:\/\/punaimepare.com\/wp-content\/uploads\/2025\/03\/target-12x12.png 12w, https:\/\/punaimepare.com\/wp-content\/uploads\/2025\/03\/target.png 512w\" sizes=\"auto, (max-width: 300px) 100vw, 300px\" \/>\t\t\t\t\t<\/div>\n\t\t\t\t<\/div>\n\t\t\t<\/div>\n\t\t\t\t<div class=\"icon-box-text last-reset\">\n\t\t\t\t\t\t\t\t\t\n<h3>Ovaj program nudi brojne pogodnosti za poslodavce<\/h3>\n\t<div id=\"gap-1805153066\" class=\"gap-element clearfix\" style=\"display:block; height:auto;\">\n\t\t\n<style>\n#gap-1805153066 {\n  padding-top: 50px;\n}\n<\/style>\n\t<\/div>\n\t\n\t\t<\/div>\n\t<\/div>\n\t<\/a>\n\t\n\t\t<\/div>\n\t\t\t\t\n<style>\n#col-2078393542 > .col-inner {\n  padding: 30px 30px 0px 30px;\n  border-radius: 10px;\n}\n<\/style>\n\t<\/div>\n\n\t\n\n\t<div id=\"col-534986162\" class=\"col medium-3 small-12 large-3\"  >\n\t\t\t\t<div class=\"col-inner\" style=\"background-color:#ded4cc;\" >\n\t\t\t\n\t\t\t\n\t<div id=\"gap-52234238\" class=\"gap-element clearfix\" style=\"display:block; height:auto;\">\n\t\t\n<style>\n#gap-52234238 {\n  padding-top: 30px;\n}\n<\/style>\n\t<\/div>\n\t\n\n\t<a class=\"plain\" href=\"#03\" >\t<div class=\"icon-box featured-box icon-box-center text-center\"  >\n\t\t\t\t\t<div class=\"icon-box-img\" style=\"width: 60px\">\n\t\t\t\t<div class=\"icon\">\n\t\t\t\t\t<div class=\"icon-inner\" >\n\t\t\t\t\t\t<img loading=\"lazy\" decoding=\"async\" width=\"300\" height=\"300\" src=\"https:\/\/punaimepare.com\/wp-content\/uploads\/2025\/03\/handshake-300x300.png\" class=\"attachment-medium size-medium\" alt=\"\" srcset=\"https:\/\/punaimepare.com\/wp-content\/uploads\/2025\/03\/handshake-300x300.png 300w, https:\/\/punaimepare.com\/wp-content\/uploads\/2025\/03\/handshake-150x150.png 150w, https:\/\/punaimepare.com\/wp-content\/uploads\/2025\/03\/handshake-12x12.png 12w, https:\/\/punaimepare.com\/wp-content\/uploads\/2025\/03\/handshake.png 512w\" sizes=\"auto, (max-width: 300px) 100vw, 300px\" \/>\t\t\t\t\t<\/div>\n\t\t\t\t<\/div>\n\t\t\t<\/div>\n\t\t\t\t<div class=\"icon-box-text last-reset\">\n\t\t\t\t\t\t\t\t\t\n<h3>Podr\u0161ka za praktikante<\/p>\n<\/h3>\n\t<div id=\"gap-582597561\" class=\"gap-element clearfix\" style=\"display:block; height:auto;\">\n\t\t\n<style>\n#gap-582597561 {\n  padding-top: 50px;\n}\n<\/style>\n\t<\/div>\n\t\n\t\t<\/div>\n\t<\/div>\n\t<\/a>\n\t\n\t\t<\/div>\n\t\t\t\t\n<style>\n#col-534986162 > .col-inner {\n  padding: 30px 30px 0px 30px;\n  border-radius: 10px;\n}\n<\/style>\n\t<\/div>\n\n\t\n\n\t<div id=\"col-463092823\" class=\"col medium-3 small-12 large-3\"  >\n\t\t\t\t<div class=\"col-inner\" style=\"background-color:#ce8c80;\" >\n\t\t\t\n\t\t\t\n\t<div id=\"gap-503021719\" class=\"gap-element clearfix\" style=\"display:block; height:auto;\">\n\t\t\n<style>\n#gap-503021719 {\n  padding-top: 30px;\n}\n<\/style>\n\t<\/div>\n\t\n\n\t<a class=\"plain\" href=\"#04\" >\t<div class=\"icon-box featured-box icon-box-center text-center\"  >\n\t\t\t\t\t<div class=\"icon-box-img\" style=\"width: 60px\">\n\t\t\t\t<div class=\"icon\">\n\t\t\t\t\t<div class=\"icon-inner\" >\n\t\t\t\t\t\t<img loading=\"lazy\" decoding=\"async\" width=\"300\" height=\"300\" src=\"https:\/\/punaimepare.com\/wp-content\/uploads\/2025\/03\/code-300x300.png\" class=\"attachment-medium size-medium\" alt=\"\" srcset=\"https:\/\/punaimepare.com\/wp-content\/uploads\/2025\/03\/code-300x300.png 300w, https:\/\/punaimepare.com\/wp-content\/uploads\/2025\/03\/code-150x150.png 150w, https:\/\/punaimepare.com\/wp-content\/uploads\/2025\/03\/code-12x12.png 12w, https:\/\/punaimepare.com\/wp-content\/uploads\/2025\/03\/code.png 512w\" sizes=\"auto, (max-width: 300px) 100vw, 300px\" \/>\t\t\t\t\t<\/div>\n\t\t\t\t<\/div>\n\t\t\t<\/div>\n\t\t\t\t<div class=\"icon-box-text last-reset\">\n\t\t\t\t\t\t\t\t\t\n<h3>Za\u0161to odabrati<\/h3>\n<h3>\"Moj prvi posao\u201c?<\/h3>\n\t<div id=\"gap-1367918914\" class=\"gap-element clearfix\" style=\"display:block; height:auto;\">\n\t\t\n<style>\n#gap-1367918914 {\n  padding-top: 50px;\n}\n<\/style>\n\t<\/div>\n\t\n\t\t<\/div>\n\t<\/div>\n\t<\/a>\n\t\n\t\t<\/div>\n\t\t\t\t\n<style>\n#col-463092823 > .col-inner {\n  padding: 30px 30px 0px 30px;\n  border-radius: 10px;\n}\n<\/style>\n\t<\/div>\n\n\t\n<\/div>\n\t\t<\/div>\n\n\t\t\n<style>\n#section_2096486760 {\n  padding-top: 30px;\n  padding-bottom: 30px;\n}\n#section_2096486760 .section-bg-overlay {\n  background-color: rgba(140, 67, 153, 0.145);\n}\n<\/style>\n\t<\/section>\n\t\n<span class=\"scroll-to\" data-label=\"Scroll to: #01\" data-bullet=\"false\" data-link=\"#01\" data-title=\"01\"><a name=\"01\"><\/a><\/span>\n\n\t<section class=\"section\" id=\"section_542186404\">\n\t\t<div class=\"section-bg fill\" >\n\t\t\t\t\t\t\t\t\t<div class=\"section-bg-overlay absolute fill\"><\/div>\n\t\t\t\n\n\t\t<\/div>\n\n\t\t\n\n\t\t<div class=\"section-content relative\">\n\t\t\t\n\t<div id=\"gap-1737832089\" class=\"gap-element clearfix\" style=\"display:block; height:auto;\">\n\t\t\n<style>\n#gap-1737832089 {\n  padding-top: 50px;\n}\n<\/style>\n\t<\/div>\n\t\n<div class=\"row align-middle\"  id=\"row-1426989795\">\n\n\t<div id=\"col-1179991172\" class=\"col medium-8 small-12 large-8\"  >\n\t\t\t\t<div class=\"col-inner\"  >\n\t\t\t\n\t\t\t\n\n\t\t<div class=\"icon-box featured-box icon-box-left text-left\"  >\n\t\t\t\t\t<div class=\"icon-box-img\" style=\"width: 30px\">\n\t\t\t\t<div class=\"icon\">\n\t\t\t\t\t<div class=\"icon-inner\" >\n\t\t\t\t\t\t<img loading=\"lazy\" decoding=\"async\" width=\"300\" height=\"300\" src=\"https:\/\/punaimepare.com\/wp-content\/uploads\/2025\/03\/one-300x300.png\" class=\"attachment-medium size-medium\" alt=\"\" srcset=\"https:\/\/punaimepare.com\/wp-content\/uploads\/2025\/03\/one-300x300.png 300w, https:\/\/punaimepare.com\/wp-content\/uploads\/2025\/03\/one-150x150.png 150w, https:\/\/punaimepare.com\/wp-content\/uploads\/2025\/03\/one-12x12.png 12w, https:\/\/punaimepare.com\/wp-content\/uploads\/2025\/03\/one.png 512w\" sizes=\"auto, (max-width: 300px) 100vw, 300px\" \/>\t\t\t\t\t<\/div>\n\t\t\t\t<\/div>\n\t\t\t<\/div>\n\t\t\t\t<div class=\"icon-box-text last-reset\">\n\t\t\t\t\t\t\t\t\t\n<h2>Dobrodo\u0161li na Platformu za Poslodavce!<\/h2>\n<p class=\"translation-block\">Platforma \u201eMoje Prvo Zaposlenje\u201c pru\u017ea jedinstvenu priliku da se iskoristi novi talenat, podr\u017eavaju\u0107i profesionalni razvoj mladih i doprinose\u0107i ja\u010danju kapaciteta privatnih kompanija\/preduze\u0107a. Ovaj program nije samo dru\u0161tvena inicijativa, ve\u0107 i strate\u0161ka prilika za preduze\u0107a koja \u017eele da investiraju u radnu snagu budu\u0107nosti.<\/p>\n\t\t<\/div>\n\t<\/div>\n\t\n\t\n\t\t<\/div>\n\t\t\t\t\t<\/div>\n\n\t\n\n\t<div id=\"col-1513761946\" class=\"col medium-4 small-12 large-4 small-col-first\"  >\n\t\t\t\t<div class=\"col-inner text-center\"  >\n\t\t\t\n\t\t\t\n\t<div class=\"img has-hover x md-x lg-x y md-y lg-y\" id=\"image_609516654\">\n\t\t\t\t\t\t\t\t<div class=\"img-inner dark\" >\n\t\t\t<img loading=\"lazy\" decoding=\"async\" width=\"512\" height=\"512\" src=\"https:\/\/punaimepare.com\/wp-content\/uploads\/2025\/03\/bar-chart.png\" class=\"attachment-large size-large\" alt=\"\" srcset=\"https:\/\/punaimepare.com\/wp-content\/uploads\/2025\/03\/bar-chart.png 512w, https:\/\/punaimepare.com\/wp-content\/uploads\/2025\/03\/bar-chart-300x300.png 300w, https:\/\/punaimepare.com\/wp-content\/uploads\/2025\/03\/bar-chart-150x150.png 150w, https:\/\/punaimepare.com\/wp-content\/uploads\/2025\/03\/bar-chart-12x12.png 12w\" sizes=\"auto, (max-width: 512px) 100vw, 512px\" \/>\t\t\t\t\t\t\t<div class=\"overlay\" style=\"background-color: rgba(185, 190, 121, 0.884)\"><\/div>\n\t\t\t\t\t\t\n\t\t\t\t\t<\/div>\n\t\t\t\t\t\t\t\t\n<style>\n#image_609516654 {\n  width: 40%;\n}\n@media (min-width:550px) {\n  #image_609516654 {\n    width: 50%;\n  }\n}\n<\/style>\n\t<\/div>\n\t\n\t\t<\/div>\n\t\t\t\t\t<\/div>\n\n\t\n<\/div>\n\t\t<\/div>\n\n\t\t\n<style>\n#section_542186404 {\n  padding-top: 30px;\n  padding-bottom: 30px;\n}\n#section_542186404 .section-bg-overlay {\n  background-color: rgba(184, 189, 119, 0.983);\n}\n<\/style>\n\t<\/section>\n\t\n<span class=\"scroll-to\" data-label=\"Scroll to: #02\" data-bullet=\"false\" data-link=\"#02\" data-title=\"02\"><a name=\"02\"><\/a><\/span>\n\n\t<section class=\"section\" id=\"section_766426343\">\n\t\t<div class=\"section-bg fill\" >\n\t\t\t\t\t\t\t\t\t<div class=\"section-bg-overlay absolute fill\"><\/div>\n\t\t\t\n\n\t\t<\/div>\n\n\t\t\n\n\t\t<div class=\"section-content relative\">\n\t\t\t\n\t<div id=\"gap-767777874\" class=\"gap-element clearfix\" style=\"display:block; height:auto;\">\n\t\t\n<style>\n#gap-767777874 {\n  padding-top: 50px;\n}\n<\/style>\n\t<\/div>\n\t\n<div class=\"row align-middle align-center\"  id=\"row-1994361710\">\n\n\t<div id=\"col-831778035\" class=\"col medium-4 small-12 large-4\"  >\n\t\t\t\t<div class=\"col-inner text-center\"  >\n\t\t\t\n\t\t\t\n\t<div class=\"img has-hover x md-x lg-x y md-y lg-y\" id=\"image_1837835210\">\n\t\t\t\t\t\t\t\t<div class=\"img-inner dark\" >\n\t\t\t<img loading=\"lazy\" decoding=\"async\" width=\"512\" height=\"512\" src=\"https:\/\/punaimepare.com\/wp-content\/uploads\/2025\/03\/target.png\" class=\"attachment-large size-large\" alt=\"\" srcset=\"https:\/\/punaimepare.com\/wp-content\/uploads\/2025\/03\/target.png 512w, https:\/\/punaimepare.com\/wp-content\/uploads\/2025\/03\/target-300x300.png 300w, https:\/\/punaimepare.com\/wp-content\/uploads\/2025\/03\/target-150x150.png 150w, https:\/\/punaimepare.com\/wp-content\/uploads\/2025\/03\/target-12x12.png 12w\" sizes=\"auto, (max-width: 512px) 100vw, 512px\" \/>\t\t\t\t\t\t\t<div class=\"overlay\" style=\"background-color: rgba(230, 204, 129, 0.89)\"><\/div>\n\t\t\t\t\t\t\n\t\t\t\t\t<\/div>\n\t\t\t\t\t\t\t\t\n<style>\n#image_1837835210 {\n  width: 40%;\n}\n@media (min-width:550px) {\n  #image_1837835210 {\n    width: 50%;\n  }\n}\n<\/style>\n\t<\/div>\n\t\n\t\t<\/div>\n\t\t\t\t\t<\/div>\n\n\t\n\n\t<div id=\"col-762389080\" class=\"col medium-8 small-12 large-8\"  >\n\t\t\t\t<div class=\"col-inner\"  >\n\t\t\t\n\t\t\t\n\n\t\t<div class=\"icon-box featured-box icon-box-left text-left\"  >\n\t\t\t\t\t<div class=\"icon-box-img\" style=\"width: 30px\">\n\t\t\t\t<div class=\"icon\">\n\t\t\t\t\t<div class=\"icon-inner\" >\n\t\t\t\t\t\t<img loading=\"lazy\" decoding=\"async\" width=\"300\" height=\"300\" src=\"https:\/\/punaimepare.com\/wp-content\/uploads\/2025\/03\/two-300x300.png\" class=\"attachment-medium size-medium\" alt=\"\" srcset=\"https:\/\/punaimepare.com\/wp-content\/uploads\/2025\/03\/two-300x300.png 300w, https:\/\/punaimepare.com\/wp-content\/uploads\/2025\/03\/two-150x150.png 150w, https:\/\/punaimepare.com\/wp-content\/uploads\/2025\/03\/two-12x12.png 12w, https:\/\/punaimepare.com\/wp-content\/uploads\/2025\/03\/two.png 512w\" sizes=\"auto, (max-width: 300px) 100vw, 300px\" \/>\t\t\t\t\t<\/div>\n\t\t\t\t<\/div>\n\t\t\t<\/div>\n\t\t\t\t<div class=\"icon-box-text last-reset\">\n\t\t\t\t\t\t\t\t\t\n<h3><strong>Ovaj program nudi brojne koristi za poslodavce:<\/strong><\/h3>\n<ul>\n<li class=\"bullet-arrow translation-block\" data-start=\"102\" data-end=\"257\"><strong data-start=\"67\" data-end=\"88\">Razvoj unutra\u0161njih kapaciteta<\/strong> : Kompanije imaju priliku da investiraju u razvoj ve\u0161tina praktikanta prema svojim specifi\u010dnim potrebama, pripremaju\u0107i ih za budu\u0107e uloge unutar kompanije.<\/li>\n<li class=\"bullet-arrow translation-block\" data-start=\"259\" data-end=\"482\"><strong data-start=\"67\" data-end=\"88\"> Razvoj unutra\u0161njih kapaciteta<\/strong> : Kompanije imaju priliku da investiraju u razvoj ve\u0161tina praktikanta prema svojim specifi\u010dnim potrebama, pripremaju\u0107i ih za budu\u0107e uloge unutar kompanije.<\/li>\n<li class=\"bullet-arrow translation-block\" data-start=\"484\" data-end=\"683\"><strong data-start=\"67\" data-end=\"88\">Regrutacija novog osoblja<\/strong> : Ovaj program olak\u0161ava proces identifikacije i obuke mladih talenata, pru\u017eaju\u0107i kompanijama priliku da odaberu i zadr\u017ee najsposobnije zaposlene.<\/li>\n<li class=\"bullet-arrow translation-block\" data-start=\"685\" data-end=\"881\"><strong data-start=\"67\" data-end=\"88\">Socijalno odgovoran poslodavac<\/strong> : U\u010de\u0161\u0107e u programu pozicionira kompaniju kao va\u017enog aktera u pobolj\u0161anju socijalne i ekonomske integracije vulnerabilnih zajednica.<\/li>\n<li class=\"bullet-arrow translation-block\" data-start=\"883\" data-end=\"1036\"><strong data-start=\"67\" data-end=\"88\">Eksperimentisanje bez finansijskog rizika<\/strong> : Kompanije mogu da testiraju nove uloge ili popune praznine u osoblju bez visokih finansijskih tro\u0161kova<\/li>\n<\/ul>\n\t\t<\/div>\n\t<\/div>\n\t\n\t\n\t\t<\/div>\n\t\t\t\t\t<\/div>\n\n\t\n<\/div>\n\t\t<\/div>\n\n\t\t\n<style>\n#section_766426343 {\n  padding-top: 30px;\n  padding-bottom: 30px;\n}\n#section_766426343 .section-bg-overlay {\n  background-color: rgba(229, 203, 125, 0.971);\n}\n<\/style>\n\t<\/section>\n\t\n<span class=\"scroll-to\" data-label=\"Scroll to: #03\" data-bullet=\"false\" data-link=\"#03\" data-title=\"03\"><a name=\"03\"><\/a><\/span>\n\n\t<section class=\"section\" id=\"section_907545107\">\n\t\t<div class=\"section-bg fill\" >\n\t\t\t\t\t\t\t\t\t<div class=\"section-bg-overlay absolute fill\"><\/div>\n\t\t\t\n\n\t\t<\/div>\n\n\t\t\n\n\t\t<div class=\"section-content relative\">\n\t\t\t\n\t<div id=\"gap-596043152\" class=\"gap-element clearfix\" style=\"display:block; height:auto;\">\n\t\t\n<style>\n#gap-596043152 {\n  padding-top: 50px;\n}\n<\/style>\n\t<\/div>\n\t\n<div class=\"row align-middle\"  id=\"row-1512404152\">\n\n\t<div id=\"col-640649228\" class=\"col medium-8 small-12 large-8\"  >\n\t\t\t\t<div class=\"col-inner\"  >\n\t\t\t\n\t\t\t\n\n\t\t<div class=\"icon-box featured-box icon-box-left text-left\"  >\n\t\t\t\t\t<div class=\"icon-box-img\" style=\"width: 30px\">\n\t\t\t\t<div class=\"icon\">\n\t\t\t\t\t<div class=\"icon-inner\" >\n\t\t\t\t\t\t<img loading=\"lazy\" decoding=\"async\" width=\"300\" height=\"300\" src=\"https:\/\/punaimepare.com\/wp-content\/uploads\/2025\/03\/three-300x300.png\" class=\"attachment-medium size-medium\" alt=\"\" srcset=\"https:\/\/punaimepare.com\/wp-content\/uploads\/2025\/03\/three-300x300.png 300w, https:\/\/punaimepare.com\/wp-content\/uploads\/2025\/03\/three-150x150.png 150w, https:\/\/punaimepare.com\/wp-content\/uploads\/2025\/03\/three-12x12.png 12w, https:\/\/punaimepare.com\/wp-content\/uploads\/2025\/03\/three.png 512w\" sizes=\"auto, (max-width: 300px) 100vw, 300px\" \/>\t\t\t\t\t<\/div>\n\t\t\t\t<\/div>\n\t\t\t<\/div>\n\t\t\t\t<div class=\"icon-box-text last-reset\">\n\t\t\t\t\t\t\t\t\t\n<h3 data-start=\"1038\" data-end=\"1119\"><strong data-start=\"1038\" data-end=\"1069\">Podr\u0161ka za praktikante<\/strong><\/h3>\n<p data-start=\"1038\" data-end=\"1119\">Pored pokrivanja plate, poslodavci nude:<\/p>\n<ul>\n<li class=\"bullet-arrow\" data-start=\"1121\" data-end=\"1258\">Direktna podr\u0161ka od strane stru\u010dnjaka i lidera kompanije za razvoj tehni\u010dkih i profesionalnih ve\u0161tina pripravnika.<\/li>\n<li class=\"bullet-arrow\" data-start=\"1260\" data-end=\"1371\">Prakti\u010dno iskustvo u radnom okru\u017eenju, stvaraju\u0107i mogu\u0107nosti za izgradnju profesionalnih mre\u017ea.<\/li>\n<li class=\"bullet-arrow\" data-start=\"1373\" data-end=\"1473\">Razvoj novih ve\u0161tina kao \u0161to su upravljanje vremenom, re\u0161avanje problema i timski rad.<\/li>\n<li class=\"bullet-arrow\" data-start=\"1475\" data-end=\"1541\">Validni sertifikati i reference za tr\u017ei\u0161te rada.<\/li>\n<li class=\"bullet-arrow\" data-start=\"1543\" data-end=\"1662\">Mogu\u0107nost za stalno zaposlenje ako praktikant poka\u017ee izuzetan u\u010dinak tokom 6-mese\u010dnog perioda.<\/li>\n<\/ul>\n\t\t<\/div>\n\t<\/div>\n\t\n\t\n\t\t<\/div>\n\t\t\t\t\t<\/div>\n\n\t\n\n\t<div id=\"col-56912446\" class=\"col medium-4 small-12 large-4 small-col-first\"  >\n\t\t\t\t<div class=\"col-inner text-center\"  >\n\t\t\t\n\t\t\t\n\t<div class=\"img has-hover x md-x lg-x y md-y lg-y\" id=\"image_1777040131\">\n\t\t\t\t\t\t\t\t<div class=\"img-inner dark\" >\n\t\t\t<img loading=\"lazy\" decoding=\"async\" width=\"512\" height=\"512\" src=\"https:\/\/punaimepare.com\/wp-content\/uploads\/2025\/03\/handshake.png\" class=\"attachment-large size-large\" alt=\"\" srcset=\"https:\/\/punaimepare.com\/wp-content\/uploads\/2025\/03\/handshake.png 512w, https:\/\/punaimepare.com\/wp-content\/uploads\/2025\/03\/handshake-300x300.png 300w, https:\/\/punaimepare.com\/wp-content\/uploads\/2025\/03\/handshake-150x150.png 150w, https:\/\/punaimepare.com\/wp-content\/uploads\/2025\/03\/handshake-12x12.png 12w\" sizes=\"auto, (max-width: 512px) 100vw, 512px\" \/>\t\t\t\t\t\t\t<div class=\"overlay\" style=\"background-color: rgba(222, 212, 204, 0.901)\"><\/div>\n\t\t\t\t\t\t\n\t\t\t\t\t<\/div>\n\t\t\t\t\t\t\t\t\n<style>\n#image_1777040131 {\n  width: 40%;\n}\n@media (min-width:550px) {\n  #image_1777040131 {\n    width: 50%;\n  }\n}\n<\/style>\n\t<\/div>\n\t\n\t\t<\/div>\n\t\t\t\t\t<\/div>\n\n\t\n<\/div>\n\t\t<\/div>\n\n\t\t\n<style>\n#section_907545107 {\n  padding-top: 30px;\n  padding-bottom: 30px;\n  background-color: rgb(229, 229, 229);\n}\n#section_907545107 .section-bg-overlay {\n  background-color: rgb(222, 212, 204);\n}\n<\/style>\n\t<\/section>\n\t\n<span class=\"scroll-to\" data-label=\"Scroll to: #04\" data-bullet=\"false\" data-link=\"#04\" data-title=\"04\"><a name=\"04\"><\/a><\/span>\n\n\t<section class=\"section\" id=\"section_528475535\">\n\t\t<div class=\"section-bg fill\" >\n\t\t\t\t\t\t\t\t\t<div class=\"section-bg-overlay absolute fill\"><\/div>\n\t\t\t\n\n\t\t<\/div>\n\n\t\t\n\n\t\t<div class=\"section-content relative\">\n\t\t\t\n\t<div id=\"gap-1251529774\" class=\"gap-element clearfix\" style=\"display:block; height:auto;\">\n\t\t\n<style>\n#gap-1251529774 {\n  padding-top: 50px;\n}\n<\/style>\n\t<\/div>\n\t\n<div class=\"row align-middle\"  id=\"row-626065889\">\n\n\t<div id=\"col-649345961\" class=\"col medium-4 small-12 large-4\"  >\n\t\t\t\t<div class=\"col-inner text-center\"  >\n\t\t\t\n\t\t\t\n\t<div class=\"img has-hover x md-x lg-x y md-y lg-y\" id=\"image_1086722429\">\n\t\t\t\t\t\t\t\t<div class=\"img-inner dark\" >\n\t\t\t<img loading=\"lazy\" decoding=\"async\" width=\"512\" height=\"512\" src=\"https:\/\/punaimepare.com\/wp-content\/uploads\/2025\/03\/code.png\" class=\"attachment-large size-large\" alt=\"\" srcset=\"https:\/\/punaimepare.com\/wp-content\/uploads\/2025\/03\/code.png 512w, https:\/\/punaimepare.com\/wp-content\/uploads\/2025\/03\/code-300x300.png 300w, https:\/\/punaimepare.com\/wp-content\/uploads\/2025\/03\/code-150x150.png 150w, https:\/\/punaimepare.com\/wp-content\/uploads\/2025\/03\/code-12x12.png 12w\" sizes=\"auto, (max-width: 512px) 100vw, 512px\" \/>\t\t\t\t\t\t\t<div class=\"overlay\" style=\"background-color: rgba(206, 140, 128, 0.878)\"><\/div>\n\t\t\t\t\t\t\n\t\t\t\t\t<\/div>\n\t\t\t\t\t\t\t\t\n<style>\n#image_1086722429 {\n  width: 40%;\n}\n@media (min-width:550px) {\n  #image_1086722429 {\n    width: 50%;\n  }\n}\n<\/style>\n\t<\/div>\n\t\n\t\t<\/div>\n\t\t\t\t\t<\/div>\n\n\t\n\n\t<div id=\"col-1709762503\" class=\"col medium-8 small-12 large-8\"  >\n\t\t\t\t<div class=\"col-inner\"  >\n\t\t\t\n\t\t\t\n\n\t\t<div class=\"icon-box featured-box icon-box-left text-left\"  >\n\t\t\t\t\t<div class=\"icon-box-img\" style=\"width: 30px\">\n\t\t\t\t<div class=\"icon\">\n\t\t\t\t\t<div class=\"icon-inner\" >\n\t\t\t\t\t\t<img loading=\"lazy\" decoding=\"async\" width=\"300\" height=\"300\" src=\"https:\/\/punaimepare.com\/wp-content\/uploads\/2025\/03\/four-300x300.png\" class=\"attachment-medium size-medium\" alt=\"\" srcset=\"https:\/\/punaimepare.com\/wp-content\/uploads\/2025\/03\/four-300x300.png 300w, https:\/\/punaimepare.com\/wp-content\/uploads\/2025\/03\/four-150x150.png 150w, https:\/\/punaimepare.com\/wp-content\/uploads\/2025\/03\/four-12x12.png 12w, https:\/\/punaimepare.com\/wp-content\/uploads\/2025\/03\/four.png 512w\" sizes=\"auto, (max-width: 300px) 100vw, 300px\" \/>\t\t\t\t\t<\/div>\n\t\t\t\t<\/div>\n\t\t\t<\/div>\n\t\t\t\t<div class=\"icon-box-text last-reset\">\n\t\t\t\t\t\t\t\t\t\n<div class=\"flex max-w-full flex-col flex-grow\">\n<div class=\"min-h-8 text-message relative flex w-full flex-col items-end gap-2 whitespace-normal break-words text-start &#091;.text-message+&amp;&#093;:mt-5\" dir=\"auto\" data-message-author-role=\"assistant\" data-message-id=\"1a040a7c-5d06-44a9-afff-f7caefa63b08\" data-message-model-slug=\"gpt-4o-mini\">\n<h3 class=\"flex w-full flex-col gap-1 empty:hidden first:pt-&#091;3px&#093;\"><span style=\"font-size: 20.16px;\">Za\u0161to odabrati \u201eMoj prvi posao\u201c?<\/span><\/h3>\n<\/div>\n<\/div>\n<p>Ovaj program je vi\u0161e od obi\u010dne radne prakse \u2013 to je strate\u0161ko partnerstvo za izgradnju sposobne, raznolike i motivisane radne snage. U\u010destvuju\u0107i, kompanije ula\u017eu u ljudski kapital i pozicioniraju se kao lideri u razvoju radne snage budu\u0107nosti.<\/p>\n<p>Na\u0161a platforma je va\u0161 partner u osna\u017eivanju va\u0161eg poslovanja pravim talentima i pozitivnom uticaju na socijalni i ekonomski razvoj zemlje. Registrujte se danas da izgradite odr\u017eiviju i uspe\u0161niju budu\u0107nost za va\u0161u kompaniju!<\/p>\n\t\t<\/div>\n\t<\/div>\n\t\n\t\n\t\t<\/div>\n\t\t\t\t\t<\/div>\n\n\t\n<\/div>\n\t\t<\/div>\n\n\t\t\n<style>\n#section_528475535 {\n  padding-top: 30px;\n  padding-bottom: 30px;\n  background-color: rgb(229, 229, 229);\n}\n#section_528475535 .section-bg-overlay {\n  background-color: rgb(206, 140, 128);\n}\n<\/style>\n\t<\/section>","protected":false},"excerpt":{"rendered":"","protected":false},"author":1,"featured_media":0,"parent":0,"menu_order":0,"comment_status":"closed","ping_status":"closed","template":"page-blank.php","meta":{"footnotes":""},"class_list":["post-103","page","type-page","status-publish","hentry"],"_links":{"self":[{"href":"https:\/\/punaimepare.com\/sr\/wp-json\/wp\/v2\/pages\/103","targetHints":{"allow":["GET"]}}],"collection":[{"href":"https:\/\/punaimepare.com\/sr\/wp-json\/wp\/v2\/pages"}],"about":[{"href":"https:\/\/punaimepare.com\/sr\/wp-json\/wp\/v2\/types\/page"}],"author":[{"embeddable":true,"href":"https:\/\/punaimepare.com\/sr\/wp-json\/wp\/v2\/users\/1"}],"replies":[{"embeddable":true,"href":"https:\/\/punaimepare.com\/sr\/wp-json\/wp\/v2\/comments?post=103"}],"version-history":[{"count":16,"href":"https:\/\/punaimepare.com\/sr\/wp-json\/wp\/v2\/pages\/103\/revisions"}],"predecessor-version":[{"id":794,"href":"https:\/\/punaimepare.com\/sr\/wp-json\/wp\/v2\/pages\/103\/revisions\/794"}],"wp:attachment":[{"href":"https:\/\/punaimepare.com\/sr\/wp-json\/wp\/v2\/media?parent=103"}],"curies":[{"name":"wp","href":"https:\/\/api.w.org\/{rel}","templated":true}]}}