{"id":716,"date":"2025-03-09T21:29:56","date_gmt":"2025-03-09T21:29:56","guid":{"rendered":"https:\/\/punaimepare.com\/?page_id=716"},"modified":"2025-04-14T13:53:45","modified_gmt":"2025-04-14T13:53:45","slug":"gjenerata-e-dyte","status":"publish","type":"page","link":"https:\/\/punaimepare.com\/roma\/gjenerata-e-dyte\/","title":{"rendered":"Duyto Generacia"},"content":{"rendered":"<section class=\"section\" id=\"section_1142396110\">\n\t\t<div class=\"section-bg fill\" >\n\t\t\t\t\t\t\t\t\t\n\t\t\t\n\n\t\t<\/div>\n\n\t\t\n\n\t\t<div class=\"section-content relative\">\n\t\t\t\n<div class=\"row\"  id=\"row-699060184\">\n\n\t<div id=\"col-338642582\" class=\"col small-12 large-12\"  >\n\t\t\t\t<div class=\"col-inner\"  >\n\t\t\t\n\t\t\t\n\t<div id=\"gap-1728011531\" class=\"gap-element clearfix\" style=\"display:block; height:auto;\">\n\t\t\n<style>\n#gap-1728011531 {\n  padding-top: 33px;\n}\n@media (min-width:550px) {\n  #gap-1728011531 {\n    padding-top: 50px;\n  }\n}\n<\/style>\n\t<\/div>\n\t\n<div class=\"row align-middle\"  id=\"row-1919653438\">\n\n\t<div id=\"col-966797734\" class=\"col medium-6 small-12 large-6\"  >\n\t\t\t\t<div class=\"col-inner\"  >\n\t\t\t\n\t\t\t\n\t<div class=\"img has-hover x md-x lg-x y md-y lg-y\" id=\"image_97369975\">\n\t\t<a class=\"image-lightbox lightbox-gallery\" title=\"\" href=\"https:\/\/punaimepare.com\/wp-content\/uploads\/2025\/04\/0001.jpg\">\t\t\t\t\t\t<div class=\"img-inner image-cover dark\" style=\"padding-top:78%;\">\n\t\t\t<img loading=\"lazy\" decoding=\"async\" width=\"1251\" height=\"834\" src=\"https:\/\/punaimepare.com\/wp-content\/uploads\/2025\/04\/0001.jpg\" class=\"attachment-original size-original\" alt=\"\" srcset=\"https:\/\/punaimepare.com\/wp-content\/uploads\/2025\/04\/0001.jpg 1251w, https:\/\/punaimepare.com\/wp-content\/uploads\/2025\/04\/0001-300x200.jpg 300w, https:\/\/punaimepare.com\/wp-content\/uploads\/2025\/04\/0001-1024x683.jpg 1024w, https:\/\/punaimepare.com\/wp-content\/uploads\/2025\/04\/0001-768x512.jpg 768w, https:\/\/punaimepare.com\/wp-content\/uploads\/2025\/04\/0001-18x12.jpg 18w\" sizes=\"auto, (max-width: 1251px) 100vw, 1251px\" \/>\t\t\t\t\t\t\n\t\t\t\t\t<\/div>\n\t\t\t\t\t\t<\/a>\t\t\n<style>\n#image_97369975 {\n  width: 100%;\n}\n<\/style>\n\t<\/div>\n\t\n\t\t<\/div>\n\t\t\t\t\t<\/div>\n\n\t\n\n\t<div id=\"col-326866888\" class=\"col medium-6 small-12 large-6\"  >\n\t\t\t\t<div class=\"col-inner\"  >\n\t\t\t\n\t\t\t\n<h3>Gjenerata e Dyt\u00eb e Programit &#8220;Puna ime e Par\u00eb&#8221; \u2013 2024\/2025<\/h3>\n<p>Pas suksesit t\u00eb jasht\u00ebzakonsh\u00ebm t\u00eb gjenerat\u00ebs s\u00eb par\u00eb, Programi &#8220;Puna ime e Par\u00eb&#8221; ka vazhduar t\u00eb ofroj\u00eb mund\u00ebsi t\u00eb shk\u00eblqyera p\u00ebr t\u00eb rinjt\u00eb dhe individ\u00ebt q\u00eb k\u00ebrkojn\u00eb t\u00eb hyjn\u00eb p\u00ebr her\u00eb t\u00eb par\u00eb n\u00eb bot\u00ebn e pun\u00ebs. P\u00ebr vitin 2024\/25, programi ka mb\u00ebshtetur gjithsej 77 p\u00ebrfitues, duke vazhduar tradit\u00ebn e tij t\u00eb ofrimit t\u00eb mund\u00ebsive reale p\u00ebr zhvillim personal dhe profesional. Ky program ka krijuar nj\u00eb mund\u00ebsi t\u00eb jasht\u00ebzakonshme p\u00ebr pjes\u00ebmarr\u00ebsit q\u00eb t\u00eb fitojn\u00eb p\u00ebrvoj\u00eb t\u00eb vlefshme dhe t\u00eb zhvillojn\u00eb aft\u00ebsi t\u00eb r\u00ebnd\u00ebsishme p\u00ebr karrier\u00ebn e tyre.<\/p>\n<p>Pjes\u00ebmarr\u00ebsit e gjenerat\u00ebs s\u00eb dyt\u00eb kan\u00eb pasur mund\u00ebsin\u00eb t\u00eb zhvillojn\u00eb aft\u00ebsit\u00eb e tyre teknike, profesionale dhe nd\u00ebrpersonale p\u00ebrmes eksperienc\u00ebs praktike, duke ndihmuar n\u00eb nd\u00ebrtimin e nj\u00eb baze solide p\u00ebr t\u00eb ardhmen e tyre n\u00eb tregun e pun\u00ebs. Ata kan\u00eb krijuar kontakte t\u00eb vlefshme dhe kan\u00eb fituar besim p\u00ebr t\u00eb vazhduar zhvillimin e karrier\u00ebs n\u00eb fushat e ndryshme t\u00eb pun\u00ebs.<\/p>\n<p>Suksesi i gjenerat\u00ebs s\u00eb dyt\u00eb \u00ebsht\u00eb nj\u00eb d\u00ebshmi e qart\u00eb e ndikimit pozitiv dhe t\u00eb q\u00ebndruesh\u00ebm t\u00eb Programit &#8220;Puna ime e Par\u00eb&#8221;, duke i mund\u00ebsuar individ\u00ebve t\u00eb rinj t\u00eb nd\u00ebrtojn\u00eb nj\u00eb profil profesional t\u00eb q\u00ebndruesh\u00ebm dhe t\u00eb zhvillojn\u00eb karrier\u00ebn e tyre p\u00ebrmes mund\u00ebsive konkrete t\u00eb pun\u00ebsimit. Kjo \u00ebsht\u00eb vet\u00ebm fillimi, dhe programi do t\u00eb vazhdoj\u00eb t\u00eb ofroj\u00eb mund\u00ebsi t\u00eb reja p\u00ebr t\u00eb rinjt\u00eb n\u00eb vitet q\u00eb vijn\u00eb.<\/p>\n\t\t<\/div>\n\t\t\t\t\t<\/div>\n\n\t\n<\/div>\n\t\t<\/div>\n\t\t\t\t\t<\/div>\n\n\t\n<\/div>\n\t\t<\/div>\n\n\t\t\n<style>\n#section_1142396110 {\n  padding-top: 0px;\n  padding-bottom: 0px;\n}\n<\/style>\n\t<\/section>\n\t\n\n\t<section class=\"section\" id=\"section_1971311477\">\n\t\t<div class=\"section-bg fill\" >\n\t\t\t\t\t\t\t\t\t\n\t\t\t\n\n\t\t<\/div>\n\n\t\t\n\n\t\t<div class=\"section-content relative\">\n\t\t\t\n<div class=\"row align-middle\"  id=\"row-1474435105\">\n\n\t<div id=\"col-54407008\" class=\"col medium-6 small-12 large-6\"  >\n\t\t\t\t<div class=\"col-inner\"  >\n\t\t\t\n\t\t\t\n<h2 data-start=\"0\" data-end=\"56\"><strong data-start=\"4\" data-end=\"54\">Duyto Generacia e programeski <\/strong><\/h2>\n<h3 data-start=\"0\" data-end=\"56\">\u201cMiri Angluni Buti\u201d<\/h3>\n<p data-start=\"0\" data-end=\"405\">Programi \u201cMiri Angluni Buti\u201d phiravela te del shukarne shaipya vash o terne kola mangena te evolvirinen pere jandipya profesionalune thay khuvipe pe buti. Ani akaya edicia, buderi terne sinelen shaipe te keren e yaverune kompaniencar  thay te triumfinen jandipe barvalo kova ka azutinel olen ano laqharipe yekhe suksesune karierako.<\/p>\n<p>Akate shay dikhena nesave kompanie kotorleyutne, kola dende kontributi ano deyipe e shukarne shaipyengo vash o praktikantya. Naysipe vash olengo ledeyipe, buderi praktikantya triumfinde eksperienca manglardi vash te putaren shaipe vash may lungo butikeripe.<\/p>\n\t\t<\/div>\n\t\t\t\t\t<\/div>\n\n\t\n\n\t<div id=\"col-738982911\" class=\"col medium-6 small-12 large-6\"  >\n\t\t\t\t<div class=\"col-inner\"  >\n\t\t\t\n\t\t\t\n\t<div class=\"img has-hover x md-x lg-x y md-y lg-y\" id=\"image_809363340\">\n\t\t\t\t\t\t\t\t<div class=\"img-inner dark\" >\n\t\t\t<img loading=\"lazy\" decoding=\"async\" width=\"900\" height=\"600\" src=\"https:\/\/punaimepare.com\/wp-content\/uploads\/2025\/03\/Untitled-design-1.png\" class=\"attachment-large size-large\" alt=\"\" srcset=\"https:\/\/punaimepare.com\/wp-content\/uploads\/2025\/03\/Untitled-design-1.png 900w, https:\/\/punaimepare.com\/wp-content\/uploads\/2025\/03\/Untitled-design-1-300x200.png 300w, https:\/\/punaimepare.com\/wp-content\/uploads\/2025\/03\/Untitled-design-1-768x512.png 768w, https:\/\/punaimepare.com\/wp-content\/uploads\/2025\/03\/Untitled-design-1-18x12.png 18w\" sizes=\"auto, (max-width: 900px) 100vw, 900px\" \/>\t\t\t\t\t\t\n\t\t\t\t\t<\/div>\n\t\t\t\t\t\t\t\t\n<style>\n#image_809363340 {\n  width: 100%;\n}\n<\/style>\n\t<\/div>\n\t\n\t\t<\/div>\n\t\t\t\t\t<\/div>\n\n\t\n<\/div>\n\t\t<\/div>\n\n\t\t\n<style>\n#section_1971311477 {\n  padding-top: 30px;\n  padding-bottom: 30px;\n  background-color: rgb(255, 255, 255);\n}\n<\/style>\n\t<\/section>","protected":false},"excerpt":{"rendered":"","protected":false},"author":1,"featured_media":0,"parent":0,"menu_order":0,"comment_status":"closed","ping_status":"closed","template":"page-blank.php","meta":{"footnotes":""},"class_list":["post-716","page","type-page","status-publish","hentry"],"_links":{"self":[{"href":"https:\/\/punaimepare.com\/roma\/wp-json\/wp\/v2\/pages\/716","targetHints":{"allow":["GET"]}}],"collection":[{"href":"https:\/\/punaimepare.com\/roma\/wp-json\/wp\/v2\/pages"}],"about":[{"href":"https:\/\/punaimepare.com\/roma\/wp-json\/wp\/v2\/types\/page"}],"author":[{"embeddable":true,"href":"https:\/\/punaimepare.com\/roma\/wp-json\/wp\/v2\/users\/1"}],"replies":[{"embeddable":true,"href":"https:\/\/punaimepare.com\/roma\/wp-json\/wp\/v2\/comments?post=716"}],"version-history":[{"count":14,"href":"https:\/\/punaimepare.com\/roma\/wp-json\/wp\/v2\/pages\/716\/revisions"}],"predecessor-version":[{"id":811,"href":"https:\/\/punaimepare.com\/roma\/wp-json\/wp\/v2\/pages\/716\/revisions\/811"}],"wp:attachment":[{"href":"https:\/\/punaimepare.com\/roma\/wp-json\/wp\/v2\/media?parent=716"}],"curies":[{"name":"wp","href":"https:\/\/api.w.org\/{rel}","templated":true}]}}