{"id":559,"date":"2024-12-16T09:47:58","date_gmt":"2024-12-16T09:47:58","guid":{"rendered":"https:\/\/punaimepare.com\/?page_id=559"},"modified":"2024-12-16T10:05:40","modified_gmt":"2024-12-16T10:05:40","slug":"soft-skills","status":"publish","type":"page","link":"https:\/\/punaimepare.com\/roma\/programet-e-trajnimit-dhe-praktikes\/soft-skills\/","title":{"rendered":"Kovle siklipya\/Soft Skills"},"content":{"rendered":"\n\t<section class=\"section\" id=\"section_1396746959\">\n\t\t<div class=\"section-bg fill\" >\n\t\t\t\t\t\t\t\t\t\n\t\t\t\n\n\t\t<\/div>\n\n\t\t\n\n\t\t<div class=\"section-content relative\">\n\t\t\t\n<div class=\"row row-collapse\"  id=\"row-1871712840\">\n\n\t<div id=\"col-927675488\" class=\"col small-12 large-12\"  >\n\t\t<div class=\"is-sticky-column\" data-sticky-mode=\"javascript\"><div class=\"is-sticky-column__inner\">\t\t<div class=\"col-inner\"  >\n\t\t\t\n\t\t\t\n<a href=\"https:\/\/punaimepare.com\/programet-e-trajnimit-dhe-praktikes\/\" class=\"button primary is-link\" >\n\t<i class=\"icon-angle-left\" aria-hidden=\"true\"><\/i>\t<span>Kthehu<\/span>\n\t<\/a>\n\n\t\t<\/div>\n\t\t<\/div><\/div>\t\t\n<style>\n#col-927675488 > .is-sticky-column > .is-sticky-column__inner > .col-inner {\n  margin: 0px 0px -20px 0px;\n}\n<\/style>\n\t<\/div>\n\n\t\n<\/div>\n\t\t<\/div>\n\n\t\t\n<style>\n#section_1396746959 {\n  padding-top: 0px;\n  padding-bottom: 0px;\n  background-color: #f2f8ff;\n}\n<\/style>\n\t<\/section>\n\t\n\n\t<section class=\"section\" id=\"section_1066856384\">\n\t\t<div class=\"section-bg fill\" >\n\t\t\t\t\t\t\t\t\t\n\t\t\t\n\n\t\t<\/div>\n\n\t\t\n\n\t\t<div class=\"section-content relative\">\n\t\t\t\n\t<div id=\"gap-32582849\" class=\"gap-element clearfix\" style=\"display:block; height:auto;\">\n\t\t\n<style>\n#gap-32582849 {\n  padding-top: 30px;\n}\n<\/style>\n\t<\/div>\n\t\n<div class=\"row align-middle\"  id=\"row-502314290\">\n\n\t<div id=\"col-944731049\" class=\"col medium-6 small-12 large-6\"  >\n\t\t\t\t<div class=\"col-inner\"  >\n\t\t\t\n\t\t\t\n<h6 class=\"uppercase\"><span style=\"font-size: 100%;\">Trajnim<\/span><\/h6>\n<h2><span style=\"font-size: 100%;\">Soft Skills<\/span><\/h2>\n<div class=\"is-divider divider clearfix\" ><\/div>\n<p>Q\u00ebllimi i trajnimeve p\u00ebr Soft Skills p\u00ebr pjes\u00ebtar\u00ebt e komuniteteve rom, ashkalinj dhe egjiptian \u00ebsht\u00eb t\u00eb zhvillojn\u00eb aft\u00ebsi nd\u00ebrpersonale dhe profesionale q\u00eb jan\u00eb t\u00eb domosdoshme p\u00ebr suksesin n\u00eb ambientet e pun\u00ebs dhe p\u00ebr nd\u00ebrtimin e marr\u00ebdh\u00ebnieve efektive.<\/p>\n<p>K\u00ebto trajnime do t\u00eb p\u00ebrfshijn\u00eb tema si komunikimi efikas, menaxhimi i koh\u00ebs, zgjidhja e problemeve dhe pun\u00eb n\u00eb grup, duke ndihmuar pjes\u00ebmarr\u00ebsit t\u00eb p\u00ebrmir\u00ebsojn\u00eb vet\u00ebbesimin dhe t\u00eb rrisin mund\u00ebsit\u00eb e tyre p\u00ebr pun\u00ebsim.<\/p>\n<p><strong>Q\u00ebllimi p\u00ebrfundimtar \u00ebsht\u00eb t\u00eb fuqizojm\u00eb k\u00ebta individ\u00eb p\u00ebr t\u2019u integruar m\u00eb mir\u00eb n\u00eb tregun e pun\u00ebs dhe p\u00ebr t\u00eb kontribuar n\u00eb zhvillimin e q\u00ebndruesh\u00ebm t\u00eb komuniteteve t\u00eb tyre.<\/strong><\/p>\n\t\t<\/div>\n\t\t\t\t\n<style>\n#col-944731049 > .col-inner {\n  padding: 0px 50px 0px 0px;\n}\n<\/style>\n\t<\/div>\n\n\t\n\n\t<div id=\"col-1450885910\" class=\"col medium-6 small-12 large-6\"  >\n\t\t\t\t<div class=\"col-inner\" style=\"background-color:rgb(242, 248, 255);\" >\n\t\t\t\n\t\t\t\n\n<div class=\"wpforms-container wpforms-container-full wpforms-render-modern\" id=\"wpforms-544\"><form id=\"wpforms-form-544\" class=\"wpforms-validate wpforms-form wpforms-ajax-form\" data-formid=\"544\" method=\"post\" enctype=\"multipart\/form-data\" action=\"\/roma\/wp-json\/wp\/v2\/pages\/559\" data-token=\"a44b747476ae6643b9d78cbc2321dc23\" data-token-time=\"1777667951\"><noscript class=\"wpforms-error-noscript\">Please enable JavaScript in your browser to complete this form.<\/noscript><div class=\"wpforms-hidden\" id=\"wpforms-error-noscript\">Please enable JavaScript in your browser to complete this form.<\/div><div class=\"wpforms-field-container\"><div id=\"wpforms-544-field_1-container\" class=\"wpforms-field wpforms-field-name\" data-field-id=\"1\"><fieldset><legend class=\"wpforms-field-label\">Emri i plot\u00eb <span class=\"wpforms-required-label\" aria-hidden=\"true\">*<\/span><\/legend><div class=\"wpforms-field-row wpforms-field-large\"><div class=\"wpforms-field-row-block wpforms-first wpforms-one-half\"><input type=\"text\" id=\"wpforms-544-field_1\" class=\"wpforms-field-name-first wpforms-field-required\" name=\"wpforms[fields][1][first]\" placeholder=\"Emri\" aria-errormessage=\"wpforms-544-field_1-error\" required><label for=\"wpforms-544-field_1\" class=\"wpforms-field-sublabel after wpforms-sublabel-hide\">First<\/label><\/div><div class=\"wpforms-field-row-block wpforms-one-half\"><input type=\"text\" id=\"wpforms-544-field_1-last\" class=\"wpforms-field-name-last wpforms-field-required\" name=\"wpforms[fields][1][last]\" placeholder=\"Mbiemri\" aria-errormessage=\"wpforms-544-field_1-last-error\" required><label for=\"wpforms-544-field_1-last\" class=\"wpforms-field-sublabel after wpforms-sublabel-hide\">Last<\/label><\/div><\/div><\/fieldset><\/div><div id=\"wpforms-544-field_6-container\" class=\"wpforms-field wpforms-field-layout\" data-field-id=\"6\"><div class=\"wpforms-field-layout-rows wpforms-field-large\"><div class=\"wpforms-layout-row\"><div class=\"wpforms-layout-column wpforms-layout-column-50\"><div id=\"wpforms-544-field_5-container\" class=\"wpforms-field wpforms-field-date-time\" data-field-id=\"5\"><label class=\"wpforms-field-label\" for=\"wpforms-544-field_5\">Data e lindjes<\/label><div class=\"wpforms-datepicker-wrap\"><input type=\"text\" id=\"wpforms-544-field_5\" class=\"wpforms-field-date-time-date wpforms-datepicker wpforms-field-large\" data-date-format=\"m\/d\/Y\" data-disable-past-dates=\"0\" data-input=\"true\" name=\"wpforms[fields][5][date]\" placeholder=\"Data e lindjes\" aria-errormessage=\"wpforms-544-field_5-error\" ><a title=\"Clear Date\" data-clear class=\"wpforms-datepicker-clear\" style=\"display:none;\"><\/a><\/div><\/div><\/div><div class=\"wpforms-layout-column wpforms-layout-column-50\"><div id=\"wpforms-544-field_7-container\" class=\"wpforms-field wpforms-field-select wpforms-field-select-style-classic\" data-field-id=\"7\"><label class=\"wpforms-field-label\" for=\"wpforms-544-field_7\">Gjinia <span class=\"wpforms-required-label\" aria-hidden=\"true\">*<\/span><\/label><select id=\"wpforms-544-field_7\" class=\"wpforms-field-medium wpforms-field-required\" name=\"wpforms[fields][7]\" required=\"required\"><option value=\"\" class=\"placeholder\" disabled  selected='selected'>Zgjedh nj\u00eb opsion<\/option><option value=\"Fem\u00ebr\" >Fem\u00ebr<\/option><option value=\"Mashkull\" >Mashkull<\/option><option value=\"Preferoj t\u00eb mos p\u00ebrgjigjem\" >Preferoj t\u00eb mos p\u00ebrgjigjem<\/option><\/select><\/div><\/div><\/div><\/div><\/div><div id=\"wpforms-544-field_2-container\" class=\"wpforms-field wpforms-field-layout\" data-field-id=\"2\"><div class=\"wpforms-field-layout-rows wpforms-field-large\"><div class=\"wpforms-layout-row\"><div class=\"wpforms-layout-column wpforms-layout-column-50\"><div id=\"wpforms-544-field_3-container\" class=\"wpforms-field wpforms-field-phone\" data-field-id=\"3\"><label class=\"wpforms-field-label\" for=\"wpforms-544-field_3\">Phone <span class=\"wpforms-required-label\" aria-hidden=\"true\">*<\/span><\/label><input type=\"tel\" id=\"wpforms-544-field_3\" class=\"wpforms-field-medium wpforms-field-required wpforms-smart-phone-field\" data-rule-smart-phone-field=\"true\" name=\"wpforms[fields][3]\" aria-label=\"Phone\" aria-errormessage=\"wpforms-544-field_3-error\" required><\/div><\/div><div class=\"wpforms-layout-column wpforms-layout-column-50\"><div id=\"wpforms-544-field_4-container\" class=\"wpforms-field wpforms-field-email\" data-field-id=\"4\"><label class=\"wpforms-field-label\" for=\"wpforms-544-field_4\">Email<\/label><input type=\"email\" id=\"wpforms-544-field_4\" class=\"wpforms-field-medium\" name=\"wpforms[fields][4]\" spellcheck=\"false\" aria-errormessage=\"wpforms-544-field_4-error\" ><\/div><\/div><\/div><\/div><\/div><div id=\"wpforms-544-field_8-container\" class=\"wpforms-field wpforms-field-radio wpforms-list-inline\" data-field-id=\"8\"><fieldset><legend class=\"wpforms-field-label\">P\u00ebrgaditja shkollore<\/legend><ul id=\"wpforms-544-field_8\"><li class=\"choice-1 depth-1\"><input type=\"radio\" id=\"wpforms-544-field_8_1\" name=\"wpforms[fields][8]\" value=\"Fillor\" aria-errormessage=\"wpforms-544-field_8_1-error\"  ><label class=\"wpforms-field-label-inline\" for=\"wpforms-544-field_8_1\">Fillor<\/label><\/li><li class=\"choice-2 depth-1\"><input type=\"radio\" id=\"wpforms-544-field_8_2\" name=\"wpforms[fields][8]\" value=\"Mes\u00ebm\" aria-errormessage=\"wpforms-544-field_8_2-error\"  ><label class=\"wpforms-field-label-inline\" for=\"wpforms-544-field_8_2\">Mes\u00ebm<\/label><\/li><li class=\"choice-3 depth-1\"><input type=\"radio\" id=\"wpforms-544-field_8_3\" name=\"wpforms[fields][8]\" value=\"Universitar\" aria-errormessage=\"wpforms-544-field_8_3-error\"  ><label class=\"wpforms-field-label-inline\" for=\"wpforms-544-field_8_3\">Universitar<\/label><\/li><li class=\"choice-4 depth-1\"><input type=\"radio\" id=\"wpforms-544-field_8_4\" name=\"wpforms[fields][8]\" value=\"Post Universitar\" aria-errormessage=\"wpforms-544-field_8_4-error\"  ><label class=\"wpforms-field-label-inline\" for=\"wpforms-544-field_8_4\">Post Universitar<\/label><\/li><\/ul><\/fieldset><\/div><\/div><!-- .wpforms-field-container --><div class=\"wpforms-submit-container\" ><input type=\"hidden\" name=\"wpforms[id]\" value=\"544\"><input type=\"hidden\" name=\"page_title\" value=\"\"><input type=\"hidden\" name=\"page_url\" value=\"https:\/\/punaimepare.com\/roma\/wp-json\/wp\/v2\/pages\/559\"><button type=\"submit\" name=\"wpforms[submit]\" id=\"wpforms-submit-544\" class=\"wpforms-submit\" data-alt-text=\"Sending...\" data-submit-text=\"Apliko\" aria-live=\"assertive\" value=\"wpforms-submit\">Apliko<\/button><img loading=\"lazy\" decoding=\"async\" src=\"https:\/\/punaimepare.com\/wp-content\/plugins\/wpforms\/assets\/images\/submit-spin.svg\" class=\"wpforms-submit-spinner\" style=\"display: none;\" width=\"26\" height=\"26\" alt=\"Loading\"><\/div><\/form><\/div>  <!-- .wpforms-container -->\n\n\t\t<\/div>\n\t\t\t\t\n<style>\n#col-1450885910 > .col-inner {\n  padding: 20px 30px 10px 30px;\n  border-radius: 6px;\n}\n<\/style>\n\t<\/div>\n\n\t\n<\/div>\n\t\t<\/div>\n\n\t\t\n<style>\n#section_1066856384 {\n  padding-top: 60px;\n  padding-bottom: 60px;\n}\n<\/style>\n\t<\/section>\n\t\n","protected":false},"excerpt":{"rendered":"","protected":false},"author":1,"featured_media":0,"parent":87,"menu_order":0,"comment_status":"closed","ping_status":"closed","template":"page-blank.php","meta":{"footnotes":""},"class_list":["post-559","page","type-page","status-publish","hentry"],"_links":{"self":[{"href":"https:\/\/punaimepare.com\/roma\/wp-json\/wp\/v2\/pages\/559","targetHints":{"allow":["GET"]}}],"collection":[{"href":"https:\/\/punaimepare.com\/roma\/wp-json\/wp\/v2\/pages"}],"about":[{"href":"https:\/\/punaimepare.com\/roma\/wp-json\/wp\/v2\/types\/page"}],"author":[{"embeddable":true,"href":"https:\/\/punaimepare.com\/roma\/wp-json\/wp\/v2\/users\/1"}],"replies":[{"embeddable":true,"href":"https:\/\/punaimepare.com\/roma\/wp-json\/wp\/v2\/comments?post=559"}],"version-history":[{"count":4,"href":"https:\/\/punaimepare.com\/roma\/wp-json\/wp\/v2\/pages\/559\/revisions"}],"predecessor-version":[{"id":587,"href":"https:\/\/punaimepare.com\/roma\/wp-json\/wp\/v2\/pages\/559\/revisions\/587"}],"up":[{"embeddable":true,"href":"https:\/\/punaimepare.com\/roma\/wp-json\/wp\/v2\/pages\/87"}],"wp:attachment":[{"href":"https:\/\/punaimepare.com\/roma\/wp-json\/wp\/v2\/media?parent=559"}],"curies":[{"name":"wp","href":"https:\/\/api.w.org\/{rel}","templated":true}]}}