{"id":103,"date":"2024-09-29T16:57:22","date_gmt":"2024-09-29T16:57:22","guid":{"rendered":"https:\/\/punaimepare.com\/?page_id=103"},"modified":"2025-04-11T17:51:41","modified_gmt":"2025-04-11T17:51:41","slug":"punedhenes","status":"publish","type":"page","link":"https:\/\/punaimepare.com\/roma\/punedhenes\/","title":{"rendered":"Deyutnebutyako"},"content":{"rendered":"<section class=\"section\" id=\"section_173329855\">\n\t\t<div class=\"section-bg fill\" >\n\t\t\t\t\t\t\t\t\t<div class=\"section-bg-overlay absolute fill\"><\/div>\n\t\t\t\n\n\t\t<\/div>\n\n\t\t\n\n\t\t<div class=\"section-content relative\">\n\t\t\t\n<div class=\"row align-center\"  id=\"row-1727685920\">\n\n\t<div id=\"col-357506448\" class=\"col medium-7 small-12 large-7\"  >\n\t\t\t\t<div class=\"col-inner\"  >\n\t\t\t\n\t\t\t\n\t<div id=\"text-1677293730\" class=\"text\">\n\t\t\n<h2>OV KOTOR E PLATFORMAKO MIRI ANGLUNI BUTI<\/h2>\n\t\t\n<style>\n#text-1677293730 {\n  text-align: center;\n}\n<\/style>\n\t<\/div>\n\t\n\t\t<\/div>\n\t\t\t\t\t<\/div>\n\n\t\n<\/div>\n<div class=\"row align-equal\"  id=\"row-1729964994\">\n\n\t<div id=\"col-1658713143\" class=\"col medium-3 small-12 large-3\"  >\n\t\t\t\t<div class=\"col-inner\" style=\"background-color:#b8bd77;\" >\n\t\t\t\n\t\t\t\n\t<div id=\"gap-922721757\" class=\"gap-element clearfix\" style=\"display:block; height:auto;\">\n\t\t\n<style>\n#gap-922721757 {\n  padding-top: 30px;\n}\n<\/style>\n\t<\/div>\n\t\n\n\t<a class=\"plain\" href=\"#01\" >\t<div class=\"icon-box featured-box icon-box-center text-center\"  >\n\t\t\t\t\t<div class=\"icon-box-img\" style=\"width: 60px\">\n\t\t\t\t<div class=\"icon\">\n\t\t\t\t\t<div class=\"icon-inner\" >\n\t\t\t\t\t\t<img loading=\"lazy\" decoding=\"async\" width=\"300\" height=\"300\" src=\"https:\/\/punaimepare.com\/wp-content\/uploads\/2025\/03\/bar-chart-300x300.png\" class=\"attachment-medium size-medium\" alt=\"\" srcset=\"https:\/\/punaimepare.com\/wp-content\/uploads\/2025\/03\/bar-chart-300x300.png 300w, https:\/\/punaimepare.com\/wp-content\/uploads\/2025\/03\/bar-chart-150x150.png 150w, https:\/\/punaimepare.com\/wp-content\/uploads\/2025\/03\/bar-chart-12x12.png 12w, https:\/\/punaimepare.com\/wp-content\/uploads\/2025\/03\/bar-chart.png 512w\" sizes=\"auto, (max-width: 300px) 100vw, 300px\" \/>\t\t\t\t\t<\/div>\n\t\t\t\t<\/div>\n\t\t\t<\/div>\n\t\t\t\t<div class=\"icon-box-text last-reset\">\n\t\t\t\t\t\t\t\t\t\n<h3>Triumfipe vash o Kompanie\/Biznesia<\/h3>\n\t<div id=\"gap-1693623560\" class=\"gap-element clearfix\" style=\"display:block; height:auto;\">\n\t\t\n<style>\n#gap-1693623560 {\n  padding-top: 50px;\n}\n<\/style>\n\t<\/div>\n\t\n\t\t<\/div>\n\t<\/div>\n\t<\/a>\n\t\n\t\t<\/div>\n\t\t\t\t\n<style>\n#col-1658713143 > .col-inner {\n  padding: 30px 30px 0px 30px;\n  border-radius: 10px;\n}\n<\/style>\n\t<\/div>\n\n\t\n\n\t<div id=\"col-1536390401\" class=\"col medium-3 small-12 large-3\"  >\n\t\t\t\t<div class=\"col-inner\" style=\"background-color:#e5cb7d;\" >\n\t\t\t\n\t\t\t\n\t<div id=\"gap-1756835037\" class=\"gap-element clearfix\" style=\"display:block; height:auto;\">\n\t\t\n<style>\n#gap-1756835037 {\n  padding-top: 30px;\n}\n<\/style>\n\t<\/div>\n\t\n\n\t<a class=\"plain\" href=\"#02\" >\t<div class=\"icon-box featured-box icon-box-center text-center\"  >\n\t\t\t\t\t<div class=\"icon-box-img\" style=\"width: 60px\">\n\t\t\t\t<div class=\"icon\">\n\t\t\t\t\t<div class=\"icon-inner\" >\n\t\t\t\t\t\t<img loading=\"lazy\" decoding=\"async\" width=\"300\" height=\"300\" src=\"https:\/\/punaimepare.com\/wp-content\/uploads\/2025\/03\/target-300x300.png\" class=\"attachment-medium size-medium\" alt=\"\" srcset=\"https:\/\/punaimepare.com\/wp-content\/uploads\/2025\/03\/target-300x300.png 300w, https:\/\/punaimepare.com\/wp-content\/uploads\/2025\/03\/target-150x150.png 150w, https:\/\/punaimepare.com\/wp-content\/uploads\/2025\/03\/target-12x12.png 12w, https:\/\/punaimepare.com\/wp-content\/uploads\/2025\/03\/target.png 512w\" sizes=\"auto, (max-width: 300px) 100vw, 300px\" \/>\t\t\t\t\t<\/div>\n\t\t\t\t<\/div>\n\t\t\t<\/div>\n\t\t\t\t<div class=\"icon-box-text last-reset\">\n\t\t\t\t\t\t\t\t\t\n<h3>Ky program ofron p\u00ebrfitime t\u00eb shumta p\u00ebr pun\u00ebdh\u00ebn\u00ebsit<\/h3>\n\t<div id=\"gap-1094002317\" class=\"gap-element clearfix\" style=\"display:block; height:auto;\">\n\t\t\n<style>\n#gap-1094002317 {\n  padding-top: 50px;\n}\n<\/style>\n\t<\/div>\n\t\n\t\t<\/div>\n\t<\/div>\n\t<\/a>\n\t\n\t\t<\/div>\n\t\t\t\t\n<style>\n#col-1536390401 > .col-inner {\n  padding: 30px 30px 0px 30px;\n  border-radius: 10px;\n}\n<\/style>\n\t<\/div>\n\n\t\n\n\t<div id=\"col-755452954\" class=\"col medium-3 small-12 large-3\"  >\n\t\t\t\t<div class=\"col-inner\" style=\"background-color:#ded4cc;\" >\n\t\t\t\n\t\t\t\n\t<div id=\"gap-2145200423\" class=\"gap-element clearfix\" style=\"display:block; height:auto;\">\n\t\t\n<style>\n#gap-2145200423 {\n  padding-top: 30px;\n}\n<\/style>\n\t<\/div>\n\t\n\n\t<a class=\"plain\" href=\"#03\" >\t<div class=\"icon-box featured-box icon-box-center text-center\"  >\n\t\t\t\t\t<div class=\"icon-box-img\" style=\"width: 60px\">\n\t\t\t\t<div class=\"icon\">\n\t\t\t\t\t<div class=\"icon-inner\" >\n\t\t\t\t\t\t<img loading=\"lazy\" decoding=\"async\" width=\"300\" height=\"300\" src=\"https:\/\/punaimepare.com\/wp-content\/uploads\/2025\/03\/handshake-300x300.png\" class=\"attachment-medium size-medium\" alt=\"\" srcset=\"https:\/\/punaimepare.com\/wp-content\/uploads\/2025\/03\/handshake-300x300.png 300w, https:\/\/punaimepare.com\/wp-content\/uploads\/2025\/03\/handshake-150x150.png 150w, https:\/\/punaimepare.com\/wp-content\/uploads\/2025\/03\/handshake-12x12.png 12w, https:\/\/punaimepare.com\/wp-content\/uploads\/2025\/03\/handshake.png 512w\" sizes=\"auto, (max-width: 300px) 100vw, 300px\" \/>\t\t\t\t\t<\/div>\n\t\t\t\t<\/div>\n\t\t\t<\/div>\n\t\t\t\t<div class=\"icon-box-text last-reset\">\n\t\t\t\t\t\t\t\t\t\n<h3>Azutipe vash Praktikantya<\/p>\n<\/h3>\n\t<div id=\"gap-233940169\" class=\"gap-element clearfix\" style=\"display:block; height:auto;\">\n\t\t\n<style>\n#gap-233940169 {\n  padding-top: 50px;\n}\n<\/style>\n\t<\/div>\n\t\n\t\t<\/div>\n\t<\/div>\n\t<\/a>\n\t\n\t\t<\/div>\n\t\t\t\t\n<style>\n#col-755452954 > .col-inner {\n  padding: 30px 30px 0px 30px;\n  border-radius: 10px;\n}\n<\/style>\n\t<\/div>\n\n\t\n\n\t<div id=\"col-1732056483\" class=\"col medium-3 small-12 large-3\"  >\n\t\t\t\t<div class=\"col-inner\" style=\"background-color:#ce8c80;\" >\n\t\t\t\n\t\t\t\n\t<div id=\"gap-1628199388\" class=\"gap-element clearfix\" style=\"display:block; height:auto;\">\n\t\t\n<style>\n#gap-1628199388 {\n  padding-top: 30px;\n}\n<\/style>\n\t<\/div>\n\t\n\n\t<a class=\"plain\" href=\"#04\" >\t<div class=\"icon-box featured-box icon-box-center text-center\"  >\n\t\t\t\t\t<div class=\"icon-box-img\" style=\"width: 60px\">\n\t\t\t\t<div class=\"icon\">\n\t\t\t\t\t<div class=\"icon-inner\" >\n\t\t\t\t\t\t<img loading=\"lazy\" decoding=\"async\" width=\"300\" height=\"300\" src=\"https:\/\/punaimepare.com\/wp-content\/uploads\/2025\/03\/code-300x300.png\" class=\"attachment-medium size-medium\" alt=\"\" srcset=\"https:\/\/punaimepare.com\/wp-content\/uploads\/2025\/03\/code-300x300.png 300w, https:\/\/punaimepare.com\/wp-content\/uploads\/2025\/03\/code-150x150.png 150w, https:\/\/punaimepare.com\/wp-content\/uploads\/2025\/03\/code-12x12.png 12w, https:\/\/punaimepare.com\/wp-content\/uploads\/2025\/03\/code.png 512w\" sizes=\"auto, (max-width: 300px) 100vw, 300px\" \/>\t\t\t\t\t<\/div>\n\t\t\t\t<\/div>\n\t\t\t<\/div>\n\t\t\t\t<div class=\"icon-box-text last-reset\">\n\t\t\t\t\t\t\t\t\t\n<h3>Soske te Alosare<\/h3>\n<h3>\u201cMiri Angluni Buti\u201d?<\/h3>\n\t<div id=\"gap-125731696\" class=\"gap-element clearfix\" style=\"display:block; height:auto;\">\n\t\t\n<style>\n#gap-125731696 {\n  padding-top: 50px;\n}\n<\/style>\n\t<\/div>\n\t\n\t\t<\/div>\n\t<\/div>\n\t<\/a>\n\t\n\t\t<\/div>\n\t\t\t\t\n<style>\n#col-1732056483 > .col-inner {\n  padding: 30px 30px 0px 30px;\n  border-radius: 10px;\n}\n<\/style>\n\t<\/div>\n\n\t\n<\/div>\n\t\t<\/div>\n\n\t\t\n<style>\n#section_173329855 {\n  padding-top: 30px;\n  padding-bottom: 30px;\n}\n#section_173329855 .section-bg-overlay {\n  background-color: rgba(140, 67, 153, 0.145);\n}\n<\/style>\n\t<\/section>\n\t\n<span class=\"scroll-to\" data-label=\"Scroll to: #01\" data-bullet=\"false\" data-link=\"#01\" data-title=\"01\"><a name=\"01\"><\/a><\/span>\n\n\t<section class=\"section\" id=\"section_372239484\">\n\t\t<div class=\"section-bg fill\" >\n\t\t\t\t\t\t\t\t\t<div class=\"section-bg-overlay absolute fill\"><\/div>\n\t\t\t\n\n\t\t<\/div>\n\n\t\t\n\n\t\t<div class=\"section-content relative\">\n\t\t\t\n\t<div id=\"gap-701569073\" class=\"gap-element clearfix\" style=\"display:block; height:auto;\">\n\t\t\n<style>\n#gap-701569073 {\n  padding-top: 50px;\n}\n<\/style>\n\t<\/div>\n\t\n<div class=\"row align-middle\"  id=\"row-1968408058\">\n\n\t<div id=\"col-1523796025\" class=\"col medium-8 small-12 large-8\"  >\n\t\t\t\t<div class=\"col-inner\"  >\n\t\t\t\n\t\t\t\n\n\t\t<div class=\"icon-box featured-box icon-box-left text-left\"  >\n\t\t\t\t\t<div class=\"icon-box-img\" style=\"width: 30px\">\n\t\t\t\t<div class=\"icon\">\n\t\t\t\t\t<div class=\"icon-inner\" >\n\t\t\t\t\t\t<img loading=\"lazy\" decoding=\"async\" width=\"300\" height=\"300\" src=\"https:\/\/punaimepare.com\/wp-content\/uploads\/2025\/03\/one-300x300.png\" class=\"attachment-medium size-medium\" alt=\"\" srcset=\"https:\/\/punaimepare.com\/wp-content\/uploads\/2025\/03\/one-300x300.png 300w, https:\/\/punaimepare.com\/wp-content\/uploads\/2025\/03\/one-150x150.png 150w, https:\/\/punaimepare.com\/wp-content\/uploads\/2025\/03\/one-12x12.png 12w, https:\/\/punaimepare.com\/wp-content\/uploads\/2025\/03\/one.png 512w\" sizes=\"auto, (max-width: 300px) 100vw, 300px\" \/>\t\t\t\t\t<\/div>\n\t\t\t\t<\/div>\n\t\t\t<\/div>\n\t\t\t\t<div class=\"icon-box-text last-reset\">\n\t\t\t\t\t\t\t\t\t\n<h2>Shukar alen ani Platforma vash Deyutne e bukyako!<\/h2>\n<p class=\"translation-block\">Platforma \u201cMiri Angluni Buti\u201d dela yekh unikuno shaipe vash te len kotar o nevo talenti, azutindoy profesionaluno evolviripe e ternengo  deindoy kontributi ano bayaripe e kapacitetyengo ko kompanie\/biznesia privatune. Akava program nane numay iniciativa socialuni, numay ini stratejikuno shaipe vash o biznesia kola mangena te investinen ano zoralipe vash yekh taharako shukaripe vash o butikerutne.<\/p>\n\t\t<\/div>\n\t<\/div>\n\t\n\t\n\t\t<\/div>\n\t\t\t\t\t<\/div>\n\n\t\n\n\t<div id=\"col-511032299\" class=\"col medium-4 small-12 large-4 small-col-first\"  >\n\t\t\t\t<div class=\"col-inner text-center\"  >\n\t\t\t\n\t\t\t\n\t<div class=\"img has-hover x md-x lg-x y md-y lg-y\" id=\"image_374230045\">\n\t\t\t\t\t\t\t\t<div class=\"img-inner dark\" >\n\t\t\t<img loading=\"lazy\" decoding=\"async\" width=\"512\" height=\"512\" src=\"https:\/\/punaimepare.com\/wp-content\/uploads\/2025\/03\/bar-chart.png\" class=\"attachment-large size-large\" alt=\"\" srcset=\"https:\/\/punaimepare.com\/wp-content\/uploads\/2025\/03\/bar-chart.png 512w, https:\/\/punaimepare.com\/wp-content\/uploads\/2025\/03\/bar-chart-300x300.png 300w, https:\/\/punaimepare.com\/wp-content\/uploads\/2025\/03\/bar-chart-150x150.png 150w, https:\/\/punaimepare.com\/wp-content\/uploads\/2025\/03\/bar-chart-12x12.png 12w\" sizes=\"auto, (max-width: 512px) 100vw, 512px\" \/>\t\t\t\t\t\t\t<div class=\"overlay\" style=\"background-color: rgba(185, 190, 121, 0.884)\"><\/div>\n\t\t\t\t\t\t\n\t\t\t\t\t<\/div>\n\t\t\t\t\t\t\t\t\n<style>\n#image_374230045 {\n  width: 40%;\n}\n@media (min-width:550px) {\n  #image_374230045 {\n    width: 50%;\n  }\n}\n<\/style>\n\t<\/div>\n\t\n\t\t<\/div>\n\t\t\t\t\t<\/div>\n\n\t\n<\/div>\n\t\t<\/div>\n\n\t\t\n<style>\n#section_372239484 {\n  padding-top: 30px;\n  padding-bottom: 30px;\n}\n#section_372239484 .section-bg-overlay {\n  background-color: rgba(184, 189, 119, 0.983);\n}\n<\/style>\n\t<\/section>\n\t\n<span class=\"scroll-to\" data-label=\"Scroll to: #02\" data-bullet=\"false\" data-link=\"#02\" data-title=\"02\"><a name=\"02\"><\/a><\/span>\n\n\t<section class=\"section\" id=\"section_26861692\">\n\t\t<div class=\"section-bg fill\" >\n\t\t\t\t\t\t\t\t\t<div class=\"section-bg-overlay absolute fill\"><\/div>\n\t\t\t\n\n\t\t<\/div>\n\n\t\t\n\n\t\t<div class=\"section-content relative\">\n\t\t\t\n\t<div id=\"gap-237624430\" class=\"gap-element clearfix\" style=\"display:block; height:auto;\">\n\t\t\n<style>\n#gap-237624430 {\n  padding-top: 50px;\n}\n<\/style>\n\t<\/div>\n\t\n<div class=\"row align-middle align-center\"  id=\"row-251774576\">\n\n\t<div id=\"col-1402855985\" class=\"col medium-4 small-12 large-4\"  >\n\t\t\t\t<div class=\"col-inner text-center\"  >\n\t\t\t\n\t\t\t\n\t<div class=\"img has-hover x md-x lg-x y md-y lg-y\" id=\"image_549890946\">\n\t\t\t\t\t\t\t\t<div class=\"img-inner dark\" >\n\t\t\t<img loading=\"lazy\" decoding=\"async\" width=\"512\" height=\"512\" src=\"https:\/\/punaimepare.com\/wp-content\/uploads\/2025\/03\/target.png\" class=\"attachment-large size-large\" alt=\"\" srcset=\"https:\/\/punaimepare.com\/wp-content\/uploads\/2025\/03\/target.png 512w, https:\/\/punaimepare.com\/wp-content\/uploads\/2025\/03\/target-300x300.png 300w, https:\/\/punaimepare.com\/wp-content\/uploads\/2025\/03\/target-150x150.png 150w, https:\/\/punaimepare.com\/wp-content\/uploads\/2025\/03\/target-12x12.png 12w\" sizes=\"auto, (max-width: 512px) 100vw, 512px\" \/>\t\t\t\t\t\t\t<div class=\"overlay\" style=\"background-color: rgba(230, 204, 129, 0.89)\"><\/div>\n\t\t\t\t\t\t\n\t\t\t\t\t<\/div>\n\t\t\t\t\t\t\t\t\n<style>\n#image_549890946 {\n  width: 40%;\n}\n@media (min-width:550px) {\n  #image_549890946 {\n    width: 50%;\n  }\n}\n<\/style>\n\t<\/div>\n\t\n\t\t<\/div>\n\t\t\t\t\t<\/div>\n\n\t\n\n\t<div id=\"col-1635133817\" class=\"col medium-8 small-12 large-8\"  >\n\t\t\t\t<div class=\"col-inner\"  >\n\t\t\t\n\t\t\t\n\n\t\t<div class=\"icon-box featured-box icon-box-left text-left\"  >\n\t\t\t\t\t<div class=\"icon-box-img\" style=\"width: 30px\">\n\t\t\t\t<div class=\"icon\">\n\t\t\t\t\t<div class=\"icon-inner\" >\n\t\t\t\t\t\t<img loading=\"lazy\" decoding=\"async\" width=\"300\" height=\"300\" src=\"https:\/\/punaimepare.com\/wp-content\/uploads\/2025\/03\/two-300x300.png\" class=\"attachment-medium size-medium\" alt=\"\" srcset=\"https:\/\/punaimepare.com\/wp-content\/uploads\/2025\/03\/two-300x300.png 300w, https:\/\/punaimepare.com\/wp-content\/uploads\/2025\/03\/two-150x150.png 150w, https:\/\/punaimepare.com\/wp-content\/uploads\/2025\/03\/two-12x12.png 12w, https:\/\/punaimepare.com\/wp-content\/uploads\/2025\/03\/two.png 512w\" sizes=\"auto, (max-width: 300px) 100vw, 300px\" \/>\t\t\t\t\t<\/div>\n\t\t\t\t<\/div>\n\t\t\t<\/div>\n\t\t\t\t<div class=\"icon-box-text last-reset\">\n\t\t\t\t\t\t\t\t\t\n<h3><strong>Akava programi dela buderune laqhipya vash o deyutne e bukyako<\/strong><\/h3>\n<ul>\n<li class=\"bullet-arrow translation-block\" data-start=\"102\" data-end=\"257\"><strong data-start=\"67\" data-end=\"88\">Subvencionipe e Pokipesko<\/strong>Vash yekh vakti 6 masekuno pokipe e praktikantesko uqhargyola kotar o program, kerindoy shukar reduktipe e bukyake kostosko vash yekh kompania.<\/li>\n<li class=\"bullet-arrow translation-block\" data-start=\"259\" data-end=\"482\"><strong data-start=\"67\" data-end=\"88\">Evolviripe e Andrualune Kapacitetyengo<\/strong>:Kompania sila shaipe te investinel ano evolviripe e jandipasko ko praktikantya sar sosi olenge specifikune mangipya, gatisarindoy olen vash e rola e avutnipeski andral e kompania.<\/li>\n<li class=\"bullet-arrow translation-block\" data-start=\"484\" data-end=\"683\"><strong data-start=\"67\" data-end=\"88\">Rekrutipe e neve stafesko<\/strong>:  Akava program kerela lokhipe ano procesi identifikipasko thay trenigno e neve talentyengo, deindoy e kompaniyenge shaipe vash alosaripe thay adikeripe kola si may shukare butyarne.<\/li>\n<li class=\"bullet-arrow translation-block\" data-start=\"685\" data-end=\"881\"><strong data-start=\"67\" data-end=\"88\">Deyutnobutyako kova sile socialuni obligacia<\/strong>:\nKotorleyipe ano programi qhivela ani pozicia e kompania sar yekh aktori mahatno ano laqharipe e socialune integripesko thay ekonomiako e qalavde komunitetyengo.<\/li>\n<li class=\"bullet-arrow translation-block\" data-start=\"883\" data-end=\"1036\"><strong data-start=\"67\" data-end=\"88\">Eksperimentipe bizo Financipesko riziko<\/strong>: Kompanie shay te testinen neve role numay te uqharen o nanipya ano stafi bizo te ovel uqo financipasko kosto.<\/li>\n<\/ul>\n\t\t<\/div>\n\t<\/div>\n\t\n\t\n\t\t<\/div>\n\t\t\t\t\t<\/div>\n\n\t\n<\/div>\n\t\t<\/div>\n\n\t\t\n<style>\n#section_26861692 {\n  padding-top: 30px;\n  padding-bottom: 30px;\n}\n#section_26861692 .section-bg-overlay {\n  background-color: rgba(229, 203, 125, 0.971);\n}\n<\/style>\n\t<\/section>\n\t\n<span class=\"scroll-to\" data-label=\"Scroll to: #03\" data-bullet=\"false\" data-link=\"#03\" data-title=\"03\"><a name=\"03\"><\/a><\/span>\n\n\t<section class=\"section\" id=\"section_1982265338\">\n\t\t<div class=\"section-bg fill\" >\n\t\t\t\t\t\t\t\t\t<div class=\"section-bg-overlay absolute fill\"><\/div>\n\t\t\t\n\n\t\t<\/div>\n\n\t\t\n\n\t\t<div class=\"section-content relative\">\n\t\t\t\n\t<div id=\"gap-241641960\" class=\"gap-element clearfix\" style=\"display:block; height:auto;\">\n\t\t\n<style>\n#gap-241641960 {\n  padding-top: 50px;\n}\n<\/style>\n\t<\/div>\n\t\n<div class=\"row align-middle\"  id=\"row-1274687736\">\n\n\t<div id=\"col-681012625\" class=\"col medium-8 small-12 large-8\"  >\n\t\t\t\t<div class=\"col-inner\"  >\n\t\t\t\n\t\t\t\n\n\t\t<div class=\"icon-box featured-box icon-box-left text-left\"  >\n\t\t\t\t\t<div class=\"icon-box-img\" style=\"width: 30px\">\n\t\t\t\t<div class=\"icon\">\n\t\t\t\t\t<div class=\"icon-inner\" >\n\t\t\t\t\t\t<img loading=\"lazy\" decoding=\"async\" width=\"300\" height=\"300\" src=\"https:\/\/punaimepare.com\/wp-content\/uploads\/2025\/03\/three-300x300.png\" class=\"attachment-medium size-medium\" alt=\"\" srcset=\"https:\/\/punaimepare.com\/wp-content\/uploads\/2025\/03\/three-300x300.png 300w, https:\/\/punaimepare.com\/wp-content\/uploads\/2025\/03\/three-150x150.png 150w, https:\/\/punaimepare.com\/wp-content\/uploads\/2025\/03\/three-12x12.png 12w, https:\/\/punaimepare.com\/wp-content\/uploads\/2025\/03\/three.png 512w\" sizes=\"auto, (max-width: 300px) 100vw, 300px\" \/>\t\t\t\t\t<\/div>\n\t\t\t\t<\/div>\n\t\t\t<\/div>\n\t\t\t\t<div class=\"icon-box-text last-reset\">\n\t\t\t\t\t\t\t\t\t\n<h3 data-start=\"1038\" data-end=\"1119\"><strong data-start=\"1038\" data-end=\"1069\">Azutipe vash Praktikantya<\/strong><\/h3>\n<p data-start=\"1038\" data-end=\"1119\">Nanumay uqharipe e pokipesko, deyutnebukyako ini dena:<\/p>\n<ul>\n<li class=\"bullet-arrow\" data-start=\"1121\" data-end=\"1258\">Direkutno azutipe kotar o ekspertia thay phiravne e kompaniake vash evolviripe e teknikune jandipesko thay profesionaluno e praktikantyengo.<\/li>\n<li class=\"bullet-arrow\" data-start=\"1260\" data-end=\"1371\">Praktikaki Eksperienca ano butyako, kerindoy shaipe vash laqharipe e profesionalune rafinako.<\/li>\n<li class=\"bullet-arrow\" data-start=\"1373\" data-end=\"1473\">Evolviripe e neve jandipyengo sar menajipe e vaktesko, alosaripe e rpoblemyengo thay buti ani ekipa.<\/li>\n<li class=\"bullet-arrow\" data-start=\"1475\" data-end=\"1541\">Certifikata thay referenca savi si validuni ano butyako trego.<\/li>\n<li class=\"bullet-arrow\" data-start=\"1543\" data-end=\"1662\">Shaipe vash sah vaktuni vuti te sine kay o praktikanti mothavela shukarni performance ano vakti akale 6 masekengo.<\/li>\n<\/ul>\n\t\t<\/div>\n\t<\/div>\n\t\n\t\n\t\t<\/div>\n\t\t\t\t\t<\/div>\n\n\t\n\n\t<div id=\"col-99014221\" class=\"col medium-4 small-12 large-4 small-col-first\"  >\n\t\t\t\t<div class=\"col-inner text-center\"  >\n\t\t\t\n\t\t\t\n\t<div class=\"img has-hover x md-x lg-x y md-y lg-y\" id=\"image_1536591294\">\n\t\t\t\t\t\t\t\t<div class=\"img-inner dark\" >\n\t\t\t<img loading=\"lazy\" decoding=\"async\" width=\"512\" height=\"512\" src=\"https:\/\/punaimepare.com\/wp-content\/uploads\/2025\/03\/handshake.png\" class=\"attachment-large size-large\" alt=\"\" srcset=\"https:\/\/punaimepare.com\/wp-content\/uploads\/2025\/03\/handshake.png 512w, https:\/\/punaimepare.com\/wp-content\/uploads\/2025\/03\/handshake-300x300.png 300w, https:\/\/punaimepare.com\/wp-content\/uploads\/2025\/03\/handshake-150x150.png 150w, https:\/\/punaimepare.com\/wp-content\/uploads\/2025\/03\/handshake-12x12.png 12w\" sizes=\"auto, (max-width: 512px) 100vw, 512px\" \/>\t\t\t\t\t\t\t<div class=\"overlay\" style=\"background-color: rgba(222, 212, 204, 0.901)\"><\/div>\n\t\t\t\t\t\t\n\t\t\t\t\t<\/div>\n\t\t\t\t\t\t\t\t\n<style>\n#image_1536591294 {\n  width: 40%;\n}\n@media (min-width:550px) {\n  #image_1536591294 {\n    width: 50%;\n  }\n}\n<\/style>\n\t<\/div>\n\t\n\t\t<\/div>\n\t\t\t\t\t<\/div>\n\n\t\n<\/div>\n\t\t<\/div>\n\n\t\t\n<style>\n#section_1982265338 {\n  padding-top: 30px;\n  padding-bottom: 30px;\n  background-color: rgb(229, 229, 229);\n}\n#section_1982265338 .section-bg-overlay {\n  background-color: rgb(222, 212, 204);\n}\n<\/style>\n\t<\/section>\n\t\n<span class=\"scroll-to\" data-label=\"Scroll to: #04\" data-bullet=\"false\" data-link=\"#04\" data-title=\"04\"><a name=\"04\"><\/a><\/span>\n\n\t<section class=\"section\" id=\"section_1061021938\">\n\t\t<div class=\"section-bg fill\" >\n\t\t\t\t\t\t\t\t\t<div class=\"section-bg-overlay absolute fill\"><\/div>\n\t\t\t\n\n\t\t<\/div>\n\n\t\t\n\n\t\t<div class=\"section-content relative\">\n\t\t\t\n\t<div id=\"gap-2024943843\" class=\"gap-element clearfix\" style=\"display:block; height:auto;\">\n\t\t\n<style>\n#gap-2024943843 {\n  padding-top: 50px;\n}\n<\/style>\n\t<\/div>\n\t\n<div class=\"row align-middle\"  id=\"row-1775723922\">\n\n\t<div id=\"col-1386612617\" class=\"col medium-4 small-12 large-4\"  >\n\t\t\t\t<div class=\"col-inner text-center\"  >\n\t\t\t\n\t\t\t\n\t<div class=\"img has-hover x md-x lg-x y md-y lg-y\" id=\"image_619506496\">\n\t\t\t\t\t\t\t\t<div class=\"img-inner dark\" >\n\t\t\t<img loading=\"lazy\" decoding=\"async\" width=\"512\" height=\"512\" src=\"https:\/\/punaimepare.com\/wp-content\/uploads\/2025\/03\/code.png\" class=\"attachment-large size-large\" alt=\"\" srcset=\"https:\/\/punaimepare.com\/wp-content\/uploads\/2025\/03\/code.png 512w, https:\/\/punaimepare.com\/wp-content\/uploads\/2025\/03\/code-300x300.png 300w, https:\/\/punaimepare.com\/wp-content\/uploads\/2025\/03\/code-150x150.png 150w, https:\/\/punaimepare.com\/wp-content\/uploads\/2025\/03\/code-12x12.png 12w\" sizes=\"auto, (max-width: 512px) 100vw, 512px\" \/>\t\t\t\t\t\t\t<div class=\"overlay\" style=\"background-color: rgba(206, 140, 128, 0.878)\"><\/div>\n\t\t\t\t\t\t\n\t\t\t\t\t<\/div>\n\t\t\t\t\t\t\t\t\n<style>\n#image_619506496 {\n  width: 40%;\n}\n@media (min-width:550px) {\n  #image_619506496 {\n    width: 50%;\n  }\n}\n<\/style>\n\t<\/div>\n\t\n\t\t<\/div>\n\t\t\t\t\t<\/div>\n\n\t\n\n\t<div id=\"col-280202727\" class=\"col medium-8 small-12 large-8\"  >\n\t\t\t\t<div class=\"col-inner\"  >\n\t\t\t\n\t\t\t\n\n\t\t<div class=\"icon-box featured-box icon-box-left text-left\"  >\n\t\t\t\t\t<div class=\"icon-box-img\" style=\"width: 30px\">\n\t\t\t\t<div class=\"icon\">\n\t\t\t\t\t<div class=\"icon-inner\" >\n\t\t\t\t\t\t<img loading=\"lazy\" decoding=\"async\" width=\"300\" height=\"300\" src=\"https:\/\/punaimepare.com\/wp-content\/uploads\/2025\/03\/four-300x300.png\" class=\"attachment-medium size-medium\" alt=\"\" srcset=\"https:\/\/punaimepare.com\/wp-content\/uploads\/2025\/03\/four-300x300.png 300w, https:\/\/punaimepare.com\/wp-content\/uploads\/2025\/03\/four-150x150.png 150w, https:\/\/punaimepare.com\/wp-content\/uploads\/2025\/03\/four-12x12.png 12w, https:\/\/punaimepare.com\/wp-content\/uploads\/2025\/03\/four.png 512w\" sizes=\"auto, (max-width: 300px) 100vw, 300px\" \/>\t\t\t\t\t<\/div>\n\t\t\t\t<\/div>\n\t\t\t<\/div>\n\t\t\t\t<div class=\"icon-box-text last-reset\">\n\t\t\t\t\t\t\t\t\t\n<div class=\"flex max-w-full flex-col flex-grow\">\n<div class=\"min-h-8 text-message relative flex w-full flex-col items-end gap-2 whitespace-normal break-words text-start &#091;.text-message+&amp;&#093;:mt-5\" dir=\"auto\" data-message-author-role=\"assistant\" data-message-id=\"1a040a7c-5d06-44a9-afff-f7caefa63b08\" data-message-model-slug=\"gpt-4o-mini\">\n<h3 class=\"flex w-full flex-col gap-1 empty:hidden first:pt-&#091;3px&#093;\"><span style=\"font-size: 20.16px;\">Soske te Alosaren \u201c Miri angluni buti\u201d?<\/span><\/h3>\n<\/div>\n<\/div>\n<p>Akava program si may buderi desar yekh praktika butyaki \u2013 si yekh stratejikuno partneri vash laqharipe yekhe butikerutnenge zoralipesko e jandipea thay motivime. Leindoy kotor, kompanie investinena ano manushikano kapituli thay  si ani pozicia sar lideria zorale evolviripesko butikerutnengo vash avutnipe.<\/p>\n<p>Amari platform si tumarno partneri vash te zoravel tumaro biznesi e manglarde talentea thay te kerel pozitivuno impakto ano socialuno evolviripe thay thaneski ekonomia. Registrin tut adive vash te laqhare yekh pratsavuno avutnipe thay suksesuno vash tumari kompania!<\/p>\n\t\t<\/div>\n\t<\/div>\n\t\n\t\n\t\t<\/div>\n\t\t\t\t\t<\/div>\n\n\t\n<\/div>\n\t\t<\/div>\n\n\t\t\n<style>\n#section_1061021938 {\n  padding-top: 30px;\n  padding-bottom: 30px;\n  background-color: rgb(229, 229, 229);\n}\n#section_1061021938 .section-bg-overlay {\n  background-color: rgb(206, 140, 128);\n}\n<\/style>\n\t<\/section>","protected":false},"excerpt":{"rendered":"","protected":false},"author":1,"featured_media":0,"parent":0,"menu_order":0,"comment_status":"closed","ping_status":"closed","template":"page-blank.php","meta":{"footnotes":""},"class_list":["post-103","page","type-page","status-publish","hentry"],"_links":{"self":[{"href":"https:\/\/punaimepare.com\/roma\/wp-json\/wp\/v2\/pages\/103","targetHints":{"allow":["GET"]}}],"collection":[{"href":"https:\/\/punaimepare.com\/roma\/wp-json\/wp\/v2\/pages"}],"about":[{"href":"https:\/\/punaimepare.com\/roma\/wp-json\/wp\/v2\/types\/page"}],"author":[{"embeddable":true,"href":"https:\/\/punaimepare.com\/roma\/wp-json\/wp\/v2\/users\/1"}],"replies":[{"embeddable":true,"href":"https:\/\/punaimepare.com\/roma\/wp-json\/wp\/v2\/comments?post=103"}],"version-history":[{"count":16,"href":"https:\/\/punaimepare.com\/roma\/wp-json\/wp\/v2\/pages\/103\/revisions"}],"predecessor-version":[{"id":794,"href":"https:\/\/punaimepare.com\/roma\/wp-json\/wp\/v2\/pages\/103\/revisions\/794"}],"wp:attachment":[{"href":"https:\/\/punaimepare.com\/roma\/wp-json\/wp\/v2\/media?parent=103"}],"curies":[{"name":"wp","href":"https:\/\/api.w.org\/{rel}","templated":true}]}}